{"id":17432,"date":"2024-11-05T21:41:21","date_gmt":"2024-11-05T21:41:21","guid":{"rendered":"https:\/\/www.ridemovi.com\/?page_id=17432"},"modified":"2024-11-05T22:05:20","modified_gmt":"2024-11-05T22:05:20","slug":"viajes-en-grupo","status":"publish","type":"page","link":"https:\/\/www.ridemovi.com\/es\/viajes-en-grupo\/","title":{"rendered":"Viajes en grupo"},"content":{"rendered":"[vc_row thb_full_width=\u00bbtrue\u00bb css=\u00bb.vc_custom_1671233475481{padding-top: 13vh !important;padding-bottom: 13vh !important;background: #ff4611 url(https:\/\/www.ridemovi.com\/wp-content\/uploads\/2022\/12\/header-bizmovi-3.jpg?id=7880) !important;background-position: center !important;background-repeat: no-repeat !important;background-size: cover !important;}\u00bb el_class=\u00bbalign-center\u00bb][vc_column thb_color=\u00bbthb-light-column\u00bb animation=\u00bbanimation bottom-to-top-3d\u00bb el_class=\u00bbtext-center\u00bb][vc_row_inner el_class=\u00bbalign-center\u00bb][vc_column_inner el_class=\u00bbtext-center\u00bb offset=\u00bbvc_col-lg-8 vc_col-md-10&#8243;][vc_custom_heading text=\u00bbViajes en grupo\u00bb font_container=\u00bbtag:h1|text_align:center\u00bb use_theme_fonts=\u00bbyes\u00bb el_class=\u00bbtitle\u00bb][\/vc_column_inner][\/vc_row_inner][\/vc_column][\/vc_row][vc_row thb_full_width=\u00bbtrue\u00bb css=\u00bb.vc_custom_1671236212176{padding-top: 7vh !important;padding-bottom: 5vh !important;background-color: #000000 !important;}\u00bb][vc_column thb_color=\u00bbthb-light-column\u00bb][vc_tta_accordion style=\u00bboutline\u00bb color=\u00bbjuicy-pink\u00bb c_icon=\u00bb\u00bb active_section=\u00bb33&#8243; no_fill=\u00bbtrue\u00bb collapsible_all=\u00bbtrue\u00bb el_class=\u00bbselezione-lingua\u00bb][vc_tta_section i_icon_fontawesome=\u00bbfa fa-angle-down\u00bb add_icon=\u00bbtrue\u00bb title=\u00bbSeleccione el idioma\u00bb tab_id=\u00bb1671232039381-3b3d5fc7-4ca8bbf7-ecfc\u00bb]\t<div class=\"thb-page-menu-container\">\n\t\t<ul id=\"menu-pagina-group-ride\" class=\"thb-page-menu style2\"><li id=\"menu-item-17450\" class=\"menu-item menu-item-type-custom menu-item-object-custom menu-item-17450\"><a href=\"https:\/\/www.ridemovi.com\/group-ride\/\"><span>> English<\/span><i class=\"fa fa-angle-right\"><\/i><\/a><\/li>\n<li id=\"menu-item-17451\" class=\"menu-item menu-item-type-custom menu-item-object-custom menu-item-17451\"><a href=\"https:\/\/www.ridemovi.com\/it\/group-ride\/\"><span>> Italiano<\/span><i class=\"fa fa-angle-right\"><\/i><\/a><\/li>\n<li id=\"menu-item-17452\" class=\"menu-item menu-item-type-custom menu-item-object-custom menu-item-17452\"><a href=\"https:\/\/www.ridemovi.com\/es\/viajes-en-grupo\/\"><span>> Espa\u00f1ol<\/span><i class=\"fa fa-angle-right\"><\/i><\/a><\/li>\n<li id=\"menu-item-17453\" class=\"menu-item menu-item-type-custom menu-item-object-custom menu-item-17453\"><a href=\"https:\/\/www.ridemovi.com\/el\/\u03bf\u03bc\u03b1\u03b4\u03b9\u03ba\u03ae-\u03b4\u03b9\u03b1\u03b4\u03c1\u03bf\u03bc\u03ae\/\"><span>> \u0395\u03bb\u03bb\u03b7\u03bd\u03b9\u03ba\u03ac<\/span><i class=\"fa fa-angle-right\"><\/i><\/a><\/li>\n<li id=\"menu-item-17454\" class=\"menu-item menu-item-type-custom menu-item-object-custom menu-item-17454\"><a href=\"https:\/\/www.ridemovi.com\/pt-pt\/viagem-em-grupo\/\"><span>> Portugu\u00eas<\/span><i class=\"fa fa-angle-right\"><\/i><\/a><\/li>\n<li id=\"menu-item-17455\" class=\"menu-item menu-item-type-custom menu-item-object-custom menu-item-17455\"><a href=\"https:\/\/www.ridemovi.com\/sv\/gruppturer-gruppakning\/\"><span>> Svenska<\/span><i class=\"fa fa-angle-right\"><\/i><\/a><\/li>\n<li id=\"menu-item-17456\" class=\"menu-item menu-item-type-custom menu-item-object-custom menu-item-17456\"><a href=\"https:\/\/www.ridemovi.com\/fr\/trajet-en-group\/\"><span>> Fran\u00e7ais<\/span><i class=\"fa fa-angle-right\"><\/i><\/a><\/li>\n<li id=\"menu-item-17457\" class=\"menu-item menu-item-type-custom menu-item-object-custom menu-item-17457\"><a href=\"https:\/\/www.ridemovi.com\/de\/gruppenfahrt\/\"><span>> Deutsch<\/span><i class=\"fa fa-angle-right\"><\/i><\/a><\/li>\n<\/ul>\t<\/div>\n\t[\/vc_tta_section][\/vc_tta_accordion][\/vc_column][\/vc_row][vc_row css=\u00bb.vc_custom_1680087525545{background-color: #ffffff !important;}\u00bb][vc_column]<div class=\"templatera_shortcode\"><div class=\"row wpb_row row-fluid\"><div class=\"wpb_column columns medium-12 thb-dark-column small-12\"><div class=\"vc_column-inner   vc_custom_1671322905358\"><div class=\"wpb_wrapper\">\n\t<div class=\"wpb_text_column wpb_content_element  \" >\n\t\t<div class=\"wpb_wrapper\">\n\t\t\t<p style=\"font-weight: 400;\"><strong>T\u00e9rminos y condiciones - Viajes en grupo<\/strong><\/p>\n<ol>\n<li style=\"font-weight: 400;\"><strong> Definici\u00f3n y finalidad del Servicio<\/strong><\/li>\n<\/ol>\n<p style=\"font-weight: 400;\">La funci\u00f3n \u201cViaje en grupo\u201d permite al titular de la Cuenta desbloquear varios Veh\u00edculos Ridemovi en el mismo viaje a trav\u00e9s de una \u00fanica Cuenta. Esta funcionalidad est\u00e1 dise\u00f1ada para facilitar los viajes en grupo, permitiendo al usuario desbloquear y gestionar hasta un m\u00e1ximo de veh\u00edculos permitidos por la ciudad en la que se utiliza el Servicio. Esto se prev\u00e9 en el apartado 3 siguiente.<\/p>\n<ol start=\"2\">\n<li style=\"font-weight: 400;\"><strong> Tipo de veh\u00edculos <\/strong>El \"Viaje en grupo\" solo se puede realizar con veh\u00edculos Ridemovi de tipo similar. (por ejemplo, solo bicicletas el\u00e9ctricas o solo patinetes el\u00e9ctricos).<\/li>\n<li style=\"font-weight: 400;\"><strong> N\u00famero de participantes <\/strong>El n\u00famero m\u00e1ximo de veh\u00edculos Ridemovi que se pueden desbloquear durante un \"Viaje en grupo\" est\u00e1 determinado por las reglas de la ciudad donde se realiza el viaje. Estas reglas ser\u00e1n visibles dentro de la Aplicaci\u00f3n.<\/li>\n<li style=\"font-weight: 400;\"><strong> Limitaciones de uso y acceso al recorrido en grupo<\/strong>Usted es responsable de sus invitados, lo que incluye verificar que tengan la edad m\u00ednima requerida para usar el servicio, de acuerdo con los T\u00e9rminos y Condiciones de Ridemovi. Debe tener una Cuenta verificada y un m\u00e9todo de pago v\u00e1lido. El servicio solo estar\u00e1 disponible en algunas ciudades y se indicar\u00e1 mediante la presencia del bot\u00f3n para activar el \"Viaje en grupo\" dentro de la Aplicaci\u00f3n.<\/li>\n<li style=\"font-weight: 400;\"><strong> Responsabilidades del Usuario Principal <\/strong>El titular de la Cuenta con la funci\u00f3n \"Viaje en Grupo\" asume la total responsabilidad de todos los Veh\u00edculos de Ridemovi y sus respectivos usuarios (invitados) desbloqueados durante el \"Viaje en Grupo\". Todos los costos relacionados con el viaje (incluidos los costos de los invitados), cualquier penalizaci\u00f3n o multa, se cargar\u00e1n directamente a la cuenta del usuario principal. El usuario que posee la Cuenta con la que se utiliza la funci\u00f3n \"Viaje en Grupo\" asume la responsabilidad, tambi\u00e9n en nombre de sus invitados, del total cumplimiento de los T\u00e9rminos y Condiciones de Ridemovi.<\/li>\n<li style=\"font-weight: 400;\"><strong> Seguros y Responsabilidad Civil<\/strong>En caso de siniestro o accidente, el titular de la cuenta de la funci\u00f3n \u201cViaje en grupo\u201d es responsable de su viaje y del de sus acompa\u00f1antes. Si el titular de la cuenta de la funci\u00f3n \u201cViaje en grupo\u201d ha activado el seguro, este solo le cubrir\u00e1 a \u00e9l y no a los dem\u00e1s participantes.<\/li>\n<li style=\"font-weight: 400;\"><strong> Prohibici\u00f3n de uso indebido<\/strong>El titular de la cuenta de la funci\u00f3n \"Viaje en grupo\" y sus invitados no pueden utilizar los veh\u00edculos de Ridemovi para actividades ilegales o que infrinjan las normas de tr\u00e1nsito. El comportamiento irresponsable que cause da\u00f1os a los veh\u00edculos, a terceros o a la propiedad estar\u00e1 sujeto a sanciones de acuerdo con los T\u00e9rminos y condiciones de Ridemovi.<\/li>\n<li style=\"font-weight: 400;\"><strong> Modo de desbloqueo<\/strong><\/li>\n<\/ol>\n<p style=\"font-weight: 400;\">Una vez desbloqueado el veh\u00edculo Ridemovi del titular de la cuenta de la funci\u00f3n \"Viaje en grupo\", se pueden agregar veh\u00edculos Ridemovi adicionales al \"Viaje en grupo\" escaneando el c\u00f3digo QR del veh\u00edculo Ridemovi o ingresando el c\u00f3digo manualmente. Si se intenta desbloquear un veh\u00edculo Ridemovi que no est\u00e1 permitido para el \"Viaje en grupo\", el sistema generar\u00e1 un error y evitar\u00e1 que se desbloquee.<\/p>\n<ol start=\"9\">\n<li style=\"font-weight: 400;\"><strong> Proximidad y ruta de viaje <\/strong>Todos los veh\u00edculos de Ridemovi dentro del \"Viaje en grupo\" deben viajar cerca unos de otros. El titular de la cuenta de la funci\u00f3n \"Viaje en grupo\" y los invitados deben seguir la misma ruta y no est\u00e1 permitido desviarse por separado con diferentes veh\u00edculos.<\/li>\n<li style=\"font-weight: 400;\"><strong> Estacionamiento Temporal y Cierre del Viaje <\/strong>El titular de la Cuenta de la funci\u00f3n \u201cViaje en Grupo\u201d podr\u00e1 realizar el estacionamiento temporal de cada Veh\u00edculo Ridemovi y finalizar individualmente el viaje de cada veh\u00edculo de acuerdo al flujo est\u00e1ndar y las reglas locales establecidas en los T\u00e9rminos y Condiciones de Ridemovi. Solo al finalizar el viaje de todos los Veh\u00edculos Ridemovi, se cerrar\u00e1 oficialmente la funci\u00f3n \u201cViaje en Grupo\u201d y se calcular\u00e1n los costos relacionados.<\/li>\n<li style=\"font-weight: 400;\"><strong> Costos y cargos<\/strong><\/li>\n<\/ol>\n<p style=\"font-weight: 400;\">Los costos de la funci\u00f3n \u201cViaje en grupo\u201d se cargar\u00e1n al titular de la cuenta de la funci\u00f3n \u201cViaje en grupo\u201d e incluir\u00e1n los costos individuales de cada veh\u00edculo Ridemovi desbloqueado y utilizado. Una vez completados todos los viajes, se calcular\u00e1 el costo total y se mostrar\u00e1 en la secci\u00f3n \u201cMis viajes\u201d de la Aplicaci\u00f3n. Los costos de los viajes seguir\u00e1n las reglas indicadas en la Aplicaci\u00f3n, adem\u00e1s de las reglas relacionadas con los T\u00e9rminos y condiciones del servicio RideMovi Standard.<\/p>\n<ol start=\"12\">\n<li style=\"font-weight: 400;\"><strong> Interrupciones o mal funcionamiento del Servicio <\/strong>RideMovi no se hace responsable de los da\u00f1os que resulten de un mal funcionamiento, como la imposibilidad de desbloquear un Veh\u00edculo RideMovi o una interrupci\u00f3n del servicio. Los usuarios pueden informar de los problemas a trav\u00e9s de la secci\u00f3n dedicada o poni\u00e9ndose en contacto con el servicio de atenci\u00f3n al cliente.<\/li>\n<li style=\"font-weight: 400;\"><strong> Cambios en el servicio de viajes en grupo<\/strong><\/li>\n<\/ol>\n<p style=\"font-weight: 400;\">Ridemovi se reserva el derecho de modificar, suspender o discontinuar la funcionalidad del \"Viaje en grupo\" en cualquier momento, previa notificaci\u00f3n a los usuarios.<\/p>\n<ol start=\"14\">\n<li style=\"font-weight: 400;\"><strong> Cumplimiento de las leyes locales<\/strong><\/li>\n<\/ol>\n<p style=\"font-weight: 400;\">El uso del \u201cGroup Ride\u201d debe cumplir con la normativa vial y local vigente, incluidas posibles restricciones de estacionamiento, prohibiciones de conducir en determinadas zonas o normas de seguridad espec\u00edficas para los Veh\u00edculos Ridemovi utilizados.<\/p>\n<ol start=\"15\">\n<li style=\"font-weight: 400;\"><strong> Plazos y fechas l\u00edmite de alquiler<\/strong><\/li>\n<\/ol>\n<p style=\"font-weight: 400;\">La duraci\u00f3n m\u00e1xima de los alquileres m\u00faltiples se rige por las restricciones establecidas en los T\u00e9rminos y Condiciones de RideMovi. Se aplicar\u00e1n cargos adicionales en caso de que se excedan los l\u00edmites de tiempo permitidos.<\/p>\n<ol start=\"16\">\n<li style=\"font-weight: 400;\"><strong> Uso de Pases y Promociones<\/strong><\/li>\n<\/ol>\n<p style=\"font-weight: 400;\">Las promociones v\u00e1lidas para el \u201cViaje en Grupo\u201d incluyen: Pase de Tiempo (deducci\u00f3n de minutos disponibles) y Cup\u00f3n (deducci\u00f3n del valor del cup\u00f3n en un viaje).<\/p>\n<ol start=\"17\">\n<li style=\"font-weight: 400;\"><strong> Quejas y denuncias<\/strong><\/li>\n<\/ol>\n<p style=\"font-weight: 400;\">El titular de la cuenta de la funci\u00f3n \u201cViaje en Grupo\u201d podr\u00e1 visualizar el reporte de \u201cViaje en Grupo\u201d en la secci\u00f3n \u201cMis Viajes\u201d, donde tendr\u00e1 la posibilidad de realizar quejas o reportar fallas.<\/p>\n\n\t\t<\/div>\n\t<\/div>\n<\/div><\/div><\/div><\/div><\/div>[\/vc_column][\/vc_row]","protected":false},"excerpt":{"rendered":"Viajes en grupoSeleccione el idioma > English > Italiano > Espa\u00f1ol > \u0395\u03bb\u03bb\u03b7\u03bd\u03b9\u03ba\u03ac > Portugu\u00eas > Svenska > Fran\u00e7ais > Deutsch T\u00e9rminos y condiciones - Viajes en grupo Definici\u00f3n y finalidad del Servicio La funci\u00f3n \u201cViaje en grupo\u201d permite al titular de la Cuenta desbloquear varios Veh\u00edculos Ridemovi en el mismo viaje a trav\u00e9s de&hellip;","protected":false},"author":1,"featured_media":0,"parent":0,"menu_order":70,"comment_status":"closed","ping_status":"closed","template":"","meta":{"_acf_changed":false,"advgb_blocks_editor_width":"","advgb_blocks_columns_visual_guide":"","footnotes":""},"class_list":["post-17432","page","type-page","status-publish","hentry"],"acf":[],"yoast_head":"<!-- This site is optimized with the Yoast SEO plugin v24.2 - https:\/\/yoast.com\/wordpress\/plugins\/seo\/ -->\n<title>Viajes en grupo - RideMovi<\/title>\n<meta name=\"robots\" content=\"index, follow, max-snippet:-1, max-image-preview:large, max-video-preview:-1\" \/>\n<link rel=\"canonical\" href=\"https:\/\/www.ridemovi.com\/es\/viajes-en-grupo\/\" \/>\n<meta property=\"og:locale\" content=\"es_ES\" \/>\n<meta property=\"og:type\" content=\"article\" \/>\n<meta property=\"og:title\" content=\"Viajes en grupo - RideMovi\" \/>\n<meta property=\"og:url\" content=\"https:\/\/www.ridemovi.com\/es\/viajes-en-grupo\/\" \/>\n<meta property=\"og:site_name\" content=\"RideMovi\" \/>\n<meta property=\"article:modified_time\" content=\"2024-11-05T22:05:20+00:00\" \/>\n<meta name=\"twitter:card\" content=\"summary_large_image\" \/>\n<meta name=\"twitter:label1\" content=\"Tiempo de lectura\" \/>\n\t<meta name=\"twitter:data1\" content=\"1 minuto\" \/>\n<script type=\"application\/ld+json\" class=\"yoast-schema-graph\">{\"@context\":\"https:\/\/schema.org\",\"@graph\":[{\"@type\":\"WebPage\",\"@id\":\"https:\/\/www.ridemovi.com\/es\/viajes-en-grupo\/\",\"url\":\"https:\/\/www.ridemovi.com\/es\/viajes-en-grupo\/\",\"name\":\"Viajes en grupo - RideMovi\",\"isPartOf\":{\"@id\":\"https:\/\/www.ridemovi.com\/#website\"},\"datePublished\":\"2024-11-05T21:41:21+00:00\",\"dateModified\":\"2024-11-05T22:05:20+00:00\",\"breadcrumb\":{\"@id\":\"https:\/\/www.ridemovi.com\/es\/viajes-en-grupo\/#breadcrumb\"},\"inLanguage\":\"es\",\"potentialAction\":[{\"@type\":\"ReadAction\",\"target\":[\"https:\/\/www.ridemovi.com\/es\/viajes-en-grupo\/\"]}]},{\"@type\":\"BreadcrumbList\",\"@id\":\"https:\/\/www.ridemovi.com\/es\/viajes-en-grupo\/#breadcrumb\",\"itemListElement\":[{\"@type\":\"ListItem\",\"position\":1,\"name\":\"Home\",\"item\":\"https:\/\/www.ridemovi.com\/es\/\"},{\"@type\":\"ListItem\",\"position\":2,\"name\":\"Viajes en grupo\"}]},{\"@type\":\"WebSite\",\"@id\":\"https:\/\/www.ridemovi.com\/#website\",\"url\":\"https:\/\/www.ridemovi.com\/\",\"name\":\"RideMovi\",\"description\":\"Moving Your Life with Micromobility\",\"potentialAction\":[{\"@type\":\"SearchAction\",\"target\":{\"@type\":\"EntryPoint\",\"urlTemplate\":\"https:\/\/www.ridemovi.com\/?s={search_term_string}\"},\"query-input\":{\"@type\":\"PropertyValueSpecification\",\"valueRequired\":true,\"valueName\":\"search_term_string\"}}],\"inLanguage\":\"es\"}]}<\/script>\n<!-- \/ Yoast SEO plugin. -->","yoast_head_json":{"title":"Viajes en grupo - RideMovi","robots":{"index":"index","follow":"follow","max-snippet":"max-snippet:-1","max-image-preview":"max-image-preview:large","max-video-preview":"max-video-preview:-1"},"canonical":"https:\/\/www.ridemovi.com\/es\/viajes-en-grupo\/","og_locale":"es_ES","og_type":"article","og_title":"Viajes en grupo - RideMovi","og_url":"https:\/\/www.ridemovi.com\/es\/viajes-en-grupo\/","og_site_name":"RideMovi","article_modified_time":"2024-11-05T22:05:20+00:00","twitter_card":"summary_large_image","twitter_misc":{"Tiempo de lectura":"1 minuto"},"schema":{"@context":"https:\/\/schema.org","@graph":[{"@type":"WebPage","@id":"https:\/\/www.ridemovi.com\/es\/viajes-en-grupo\/","url":"https:\/\/www.ridemovi.com\/es\/viajes-en-grupo\/","name":"Viajes en grupo - RideMovi","isPartOf":{"@id":"https:\/\/www.ridemovi.com\/#website"},"datePublished":"2024-11-05T21:41:21+00:00","dateModified":"2024-11-05T22:05:20+00:00","breadcrumb":{"@id":"https:\/\/www.ridemovi.com\/es\/viajes-en-grupo\/#breadcrumb"},"inLanguage":"es","potentialAction":[{"@type":"ReadAction","target":["https:\/\/www.ridemovi.com\/es\/viajes-en-grupo\/"]}]},{"@type":"BreadcrumbList","@id":"https:\/\/www.ridemovi.com\/es\/viajes-en-grupo\/#breadcrumb","itemListElement":[{"@type":"ListItem","position":1,"name":"Home","item":"https:\/\/www.ridemovi.com\/es\/"},{"@type":"ListItem","position":2,"name":"Viajes en grupo"}]},{"@type":"WebSite","@id":"https:\/\/www.ridemovi.com\/#website","url":"https:\/\/www.ridemovi.com\/","name":"RideMovi","description":"Moving Your Life with Micromobility","potentialAction":[{"@type":"SearchAction","target":{"@type":"EntryPoint","urlTemplate":"https:\/\/www.ridemovi.com\/?s={search_term_string}"},"query-input":{"@type":"PropertyValueSpecification","valueRequired":true,"valueName":"search_term_string"}}],"inLanguage":"es"}]}},"coauthors":[],"author_meta":{"author_link":"https:\/\/www.ridemovi.com\/es\/author\/obliquo-design\/","display_name":"Obliquo Design"},"relative_dates":{"created":"Publicado 1 a\u00f1o hace","modified":"Actualizado 1 a\u00f1o hace"},"absolute_dates":{"created":"Publicado el noviembre 5, 2024","modified":"Actualizado el noviembre 5, 2024"},"absolute_dates_time":{"created":"Publicado el noviembre 5, 2024 9:41 pm","modified":"Actualizado el noviembre 5, 2024 10:05 pm"},"featured_img_caption":"","featured_img":false,"series_order":"","_links":{"self":[{"href":"https:\/\/www.ridemovi.com\/es\/wp-json\/wp\/v2\/pages\/17432","targetHints":{"allow":["GET"]}}],"collection":[{"href":"https:\/\/www.ridemovi.com\/es\/wp-json\/wp\/v2\/pages"}],"about":[{"href":"https:\/\/www.ridemovi.com\/es\/wp-json\/wp\/v2\/types\/page"}],"author":[{"embeddable":true,"href":"https:\/\/www.ridemovi.com\/es\/wp-json\/wp\/v2\/users\/1"}],"replies":[{"embeddable":true,"href":"https:\/\/www.ridemovi.com\/es\/wp-json\/wp\/v2\/comments?post=17432"}],"version-history":[{"count":0,"href":"https:\/\/www.ridemovi.com\/es\/wp-json\/wp\/v2\/pages\/17432\/revisions"}],"wp:attachment":[{"href":"https:\/\/www.ridemovi.com\/es\/wp-json\/wp\/v2\/media?parent=17432"}],"curies":[{"name":"wp","href":"https:\/\/api.w.org\/{rel}","templated":true}]}}