{"id":17476,"date":"2024-11-05T22:38:11","date_gmt":"2024-11-05T22:38:11","guid":{"rendered":"https:\/\/www.ridemovi.com\/?page_id=17476"},"modified":"2024-11-05T22:53:37","modified_gmt":"2024-11-05T22:53:37","slug":"menores-de-18-anos","status":"publish","type":"page","link":"https:\/\/www.ridemovi.com\/es\/menores-de-18-anos\/","title":{"rendered":"Menores de 18 a\u00f1os"},"content":{"rendered":"[vc_row thb_full_width=\u00bbtrue\u00bb css=\u00bb.vc_custom_1671233475481{padding-top: 13vh !important;padding-bottom: 13vh !important;background: #ff4611 url(https:\/\/www.ridemovi.com\/wp-content\/uploads\/2022\/12\/header-bizmovi-3.jpg?id=7880) !important;background-position: center !important;background-repeat: no-repeat !important;background-size: cover !important;}\u00bb el_class=\u00bbalign-center\u00bb][vc_column thb_color=\u00bbthb-light-column\u00bb animation=\u00bbanimation bottom-to-top-3d\u00bb el_class=\u00bbtext-center\u00bb][vc_row_inner el_class=\u00bbalign-center\u00bb][vc_column_inner el_class=\u00bbtext-center\u00bb offset=\u00bbvc_col-lg-8 vc_col-md-10&#8243;][vc_custom_heading text=\u00bbMenores de 18 a\u00f1os\u00bb font_container=\u00bbtag:h1|text_align:center\u00bb use_theme_fonts=\u00bbyes\u00bb el_class=\u00bbtitle\u00bb][\/vc_column_inner][\/vc_row_inner][\/vc_column][\/vc_row][vc_row thb_full_width=\u00bbtrue\u00bb css=\u00bb.vc_custom_1671236212176{padding-top: 7vh !important;padding-bottom: 5vh !important;background-color: #000000 !important;}\u00bb][vc_column thb_color=\u00bbthb-light-column\u00bb][vc_tta_accordion style=\u00bboutline\u00bb color=\u00bbjuicy-pink\u00bb c_icon=\u00bb\u00bb active_section=\u00bb33&#8243; no_fill=\u00bbtrue\u00bb collapsible_all=\u00bbtrue\u00bb el_class=\u00bbselezione-lingua\u00bb][vc_tta_section i_icon_fontawesome=\u00bbfa fa-angle-down\u00bb add_icon=\u00bbtrue\u00bb title=\u00bbSeleccione el idioma\u00bb tab_id=\u00bb1671232039381-3b3d5fc7-4ca8bbf7-ecfc\u00bb]\t<div class=\"thb-page-menu-container\">\n\t\t<ul id=\"menu-pagina-under-18\" class=\"thb-page-menu style2\"><li id=\"menu-item-17487\" class=\"menu-item menu-item-type-custom menu-item-object-custom menu-item-17487\"><a href=\"https:\/\/www.ridemovi.com\/under-18\/\"><span>> English<\/span><i class=\"fa fa-angle-right\"><\/i><\/a><\/li>\n<li id=\"menu-item-17488\" class=\"menu-item menu-item-type-custom menu-item-object-custom menu-item-17488\"><a href=\"https:\/\/www.ridemovi.com\/it\/sotto-i-18-anni\/\"><span>> Italiano<\/span><i class=\"fa fa-angle-right\"><\/i><\/a><\/li>\n<li id=\"menu-item-17489\" class=\"menu-item menu-item-type-custom menu-item-object-custom menu-item-17489\"><a href=\"https:\/\/www.ridemovi.com\/es\/menores-de-18-anos\/\"><span>> Espa\u00f1ol<\/span><i class=\"fa fa-angle-right\"><\/i><\/a><\/li>\n<li id=\"menu-item-17490\" class=\"menu-item menu-item-type-custom menu-item-object-custom menu-item-17490\"><a href=\"https:\/\/www.ridemovi.com\/fr\/moins-de-18-ans\/\"><span>> Fran\u00e7ais<\/span><i class=\"fa fa-angle-right\"><\/i><\/a><\/li>\n<\/ul>\t<\/div>\n\t[\/vc_tta_section][\/vc_tta_accordion][\/vc_column][\/vc_row][vc_row css=\u00bb.vc_custom_1680087525545{background-color: #ffffff !important;}\u00bb][vc_column]<div class=\"templatera_shortcode\"><div class=\"row wpb_row row-fluid\"><div class=\"wpb_column columns medium-12 thb-dark-column small-12\"><div class=\"vc_column-inner   vc_custom_1671322814393\"><div class=\"wpb_wrapper\">\n\t<div class=\"wpb_text_column wpb_content_element  \" >\n\t\t<div class=\"wpb_wrapper\">\n\t\t\t<p style=\"font-weight: 400;\"><strong>Sigue nuestra gu\u00eda para menores de 18 a\u00f1os<\/strong><\/p>\n<p style=\"font-weight: 400;\">Para abrir una Cuenta y utilizar los Servicios El usuario deber\u00e1 ser mayor de 18 (dieciocho) a\u00f1os. En caso de que el Menor no cumpla los requisitos m\u00ednimos de edad establecidos por Ridemovi en funci\u00f3n del pa\u00eds en el que se encuentre, \u00e9ste no podr\u00e1 abrir una cuenta Ridemovi ni utilizar el servicio.<\/p>\n<p style=\"font-weight: 400;\">El usuario que haya cumplido 16 a\u00f1os (14 a\u00f1os en el caso de de la ciudad de Cesena en Italia, 14 a\u00f1os en el caso de Francia y 15 a\u00f1os en el caso de Grecia) podr\u00e1 utilizar el servicio s\u00f3lo si su padre, madre o tutor legal ha seguido el procedimiento requerido y ha enviado a &#x73;&#x75;&#x70;&#x70;&#x6f;&#x72;&#x74;&#x40;<span class=\"oe_displaynone\">null<\/span>&#x72;&#x69;&#x64;&#x65;&#x6d;&#x6f;&#x76;&#x69;&#x2e;&#x63;&#x6f;&#x6d; la documentaci\u00f3n en la que declara lo siguiente:<\/p>\n<p style=\"font-weight: 400;\">(a) que ha registrado la Cuenta en nombre del Menor, aportando una copia del documento de identidad del Menor y del padre, madre o tutor legal;<\/p>\n<p style=\"font-weight: 400;\">(b) que garantiza que \u00e9l\/ella y el Menor han aceptado estos T\u00e9rminos y Condiciones;<\/p>\n<p style=\"font-weight: 400;\">(c) que garantiza que \u00e9l\/ella es plenamente responsable de todas las lesiones, da\u00f1os, costes y gastos que se deriven del uso de los Servicios por parte del Menor de conformidad con estos T\u00e9rminos y Condiciones y seg\u00fan lo dispuesto por la ley.<\/p>\n\n\t\t<\/div>\n\t<\/div>\n<\/div><\/div><\/div><\/div><\/div>[\/vc_column][\/vc_row]","protected":false},"excerpt":{"rendered":"Menores de 18 a\u00f1osSeleccione el idioma > English > Italiano > Espa\u00f1ol > Fran\u00e7ais Sigue nuestra gu\u00eda para menores de 18 a\u00f1os Para abrir una Cuenta y utilizar los Servicios El usuario deber\u00e1 ser mayor de 18 (dieciocho) a\u00f1os. En caso de que el Menor no cumpla los requisitos m\u00ednimos de edad establecidos por Ridemovi&hellip;","protected":false},"author":1,"featured_media":0,"parent":0,"menu_order":70,"comment_status":"closed","ping_status":"closed","template":"","meta":{"_acf_changed":false,"advgb_blocks_editor_width":"","advgb_blocks_columns_visual_guide":"","footnotes":""},"class_list":["post-17476","page","type-page","status-publish","hentry"],"acf":[],"yoast_head":"<!-- This site is optimized with the Yoast SEO plugin v24.2 - https:\/\/yoast.com\/wordpress\/plugins\/seo\/ -->\n<title>Menores de 18 a\u00f1os - RideMovi<\/title>\n<meta name=\"robots\" content=\"index, follow, max-snippet:-1, max-image-preview:large, max-video-preview:-1\" \/>\n<link rel=\"canonical\" href=\"https:\/\/www.ridemovi.com\/es\/menores-de-18-anos\/\" \/>\n<meta property=\"og:locale\" content=\"es_ES\" \/>\n<meta property=\"og:type\" content=\"article\" \/>\n<meta property=\"og:title\" content=\"Menores de 18 a\u00f1os - RideMovi\" \/>\n<meta property=\"og:url\" content=\"https:\/\/www.ridemovi.com\/es\/menores-de-18-anos\/\" \/>\n<meta property=\"og:site_name\" content=\"RideMovi\" \/>\n<meta property=\"article:modified_time\" content=\"2024-11-05T22:53:37+00:00\" \/>\n<meta name=\"twitter:card\" content=\"summary_large_image\" \/>\n<meta name=\"twitter:label1\" content=\"Tiempo de lectura\" \/>\n\t<meta name=\"twitter:data1\" content=\"1 minuto\" \/>\n<script type=\"application\/ld+json\" class=\"yoast-schema-graph\">{\"@context\":\"https:\/\/schema.org\",\"@graph\":[{\"@type\":\"WebPage\",\"@id\":\"https:\/\/www.ridemovi.com\/es\/menores-de-18-anos\/\",\"url\":\"https:\/\/www.ridemovi.com\/es\/menores-de-18-anos\/\",\"name\":\"Menores de 18 a\u00f1os - RideMovi\",\"isPartOf\":{\"@id\":\"https:\/\/www.ridemovi.com\/#website\"},\"datePublished\":\"2024-11-05T22:38:11+00:00\",\"dateModified\":\"2024-11-05T22:53:37+00:00\",\"breadcrumb\":{\"@id\":\"https:\/\/www.ridemovi.com\/es\/menores-de-18-anos\/#breadcrumb\"},\"inLanguage\":\"es\",\"potentialAction\":[{\"@type\":\"ReadAction\",\"target\":[\"https:\/\/www.ridemovi.com\/es\/menores-de-18-anos\/\"]}]},{\"@type\":\"BreadcrumbList\",\"@id\":\"https:\/\/www.ridemovi.com\/es\/menores-de-18-anos\/#breadcrumb\",\"itemListElement\":[{\"@type\":\"ListItem\",\"position\":1,\"name\":\"Home\",\"item\":\"https:\/\/www.ridemovi.com\/es\/\"},{\"@type\":\"ListItem\",\"position\":2,\"name\":\"Menores de 18 a\u00f1os\"}]},{\"@type\":\"WebSite\",\"@id\":\"https:\/\/www.ridemovi.com\/#website\",\"url\":\"https:\/\/www.ridemovi.com\/\",\"name\":\"RideMovi\",\"description\":\"Moving Your Life with Micromobility\",\"potentialAction\":[{\"@type\":\"SearchAction\",\"target\":{\"@type\":\"EntryPoint\",\"urlTemplate\":\"https:\/\/www.ridemovi.com\/?s={search_term_string}\"},\"query-input\":{\"@type\":\"PropertyValueSpecification\",\"valueRequired\":true,\"valueName\":\"search_term_string\"}}],\"inLanguage\":\"es\"}]}<\/script>\n<!-- \/ Yoast SEO plugin. -->","yoast_head_json":{"title":"Menores de 18 a\u00f1os - RideMovi","robots":{"index":"index","follow":"follow","max-snippet":"max-snippet:-1","max-image-preview":"max-image-preview:large","max-video-preview":"max-video-preview:-1"},"canonical":"https:\/\/www.ridemovi.com\/es\/menores-de-18-anos\/","og_locale":"es_ES","og_type":"article","og_title":"Menores de 18 a\u00f1os - RideMovi","og_url":"https:\/\/www.ridemovi.com\/es\/menores-de-18-anos\/","og_site_name":"RideMovi","article_modified_time":"2024-11-05T22:53:37+00:00","twitter_card":"summary_large_image","twitter_misc":{"Tiempo de lectura":"1 minuto"},"schema":{"@context":"https:\/\/schema.org","@graph":[{"@type":"WebPage","@id":"https:\/\/www.ridemovi.com\/es\/menores-de-18-anos\/","url":"https:\/\/www.ridemovi.com\/es\/menores-de-18-anos\/","name":"Menores de 18 a\u00f1os - RideMovi","isPartOf":{"@id":"https:\/\/www.ridemovi.com\/#website"},"datePublished":"2024-11-05T22:38:11+00:00","dateModified":"2024-11-05T22:53:37+00:00","breadcrumb":{"@id":"https:\/\/www.ridemovi.com\/es\/menores-de-18-anos\/#breadcrumb"},"inLanguage":"es","potentialAction":[{"@type":"ReadAction","target":["https:\/\/www.ridemovi.com\/es\/menores-de-18-anos\/"]}]},{"@type":"BreadcrumbList","@id":"https:\/\/www.ridemovi.com\/es\/menores-de-18-anos\/#breadcrumb","itemListElement":[{"@type":"ListItem","position":1,"name":"Home","item":"https:\/\/www.ridemovi.com\/es\/"},{"@type":"ListItem","position":2,"name":"Menores de 18 a\u00f1os"}]},{"@type":"WebSite","@id":"https:\/\/www.ridemovi.com\/#website","url":"https:\/\/www.ridemovi.com\/","name":"RideMovi","description":"Moving Your Life with Micromobility","potentialAction":[{"@type":"SearchAction","target":{"@type":"EntryPoint","urlTemplate":"https:\/\/www.ridemovi.com\/?s={search_term_string}"},"query-input":{"@type":"PropertyValueSpecification","valueRequired":true,"valueName":"search_term_string"}}],"inLanguage":"es"}]}},"coauthors":[],"author_meta":{"author_link":"https:\/\/www.ridemovi.com\/es\/author\/obliquo-design\/","display_name":"Obliquo Design"},"relative_dates":{"created":"Publicado 1 a\u00f1o hace","modified":"Actualizado 1 a\u00f1o hace"},"absolute_dates":{"created":"Publicado el noviembre 5, 2024","modified":"Actualizado el noviembre 5, 2024"},"absolute_dates_time":{"created":"Publicado el noviembre 5, 2024 10:38 pm","modified":"Actualizado el noviembre 5, 2024 10:53 pm"},"featured_img_caption":"","featured_img":false,"series_order":"","_links":{"self":[{"href":"https:\/\/www.ridemovi.com\/es\/wp-json\/wp\/v2\/pages\/17476","targetHints":{"allow":["GET"]}}],"collection":[{"href":"https:\/\/www.ridemovi.com\/es\/wp-json\/wp\/v2\/pages"}],"about":[{"href":"https:\/\/www.ridemovi.com\/es\/wp-json\/wp\/v2\/types\/page"}],"author":[{"embeddable":true,"href":"https:\/\/www.ridemovi.com\/es\/wp-json\/wp\/v2\/users\/1"}],"replies":[{"embeddable":true,"href":"https:\/\/www.ridemovi.com\/es\/wp-json\/wp\/v2\/comments?post=17476"}],"version-history":[{"count":0,"href":"https:\/\/www.ridemovi.com\/es\/wp-json\/wp\/v2\/pages\/17476\/revisions"}],"wp:attachment":[{"href":"https:\/\/www.ridemovi.com\/es\/wp-json\/wp\/v2\/media?parent=17476"}],"curies":[{"name":"wp","href":"https:\/\/api.w.org\/{rel}","templated":true}]}}