{"id":17433,"date":"2024-11-05T21:58:04","date_gmt":"2024-11-05T21:58:04","guid":{"rendered":"https:\/\/www.ridemovi.com\/?page_id=17433"},"modified":"2024-11-05T21:59:34","modified_gmt":"2024-11-05T21:59:34","slug":"trajet-en-group","status":"publish","type":"page","link":"https:\/\/www.ridemovi.com\/fr\/trajet-en-group\/","title":{"rendered":"Trajet en Group"},"content":{"rendered":"[vc_row thb_full_width=\u00a0\u00bbtrue\u00a0\u00bb css=\u00a0\u00bb.vc_custom_1671233475481{padding-top: 13vh !important;padding-bottom: 13vh !important;background: #ff4611 url(https:\/\/www.ridemovi.com\/wp-content\/uploads\/2022\/12\/header-bizmovi-3.jpg?id=7880) !important;background-position: center !important;background-repeat: no-repeat !important;background-size: cover !important;}\u00a0\u00bb el_class=\u00a0\u00bbalign-center\u00a0\u00bb][vc_column thb_color=\u00a0\u00bbthb-light-column\u00a0\u00bb animation=\u00a0\u00bbanimation bottom-to-top-3d\u00a0\u00bb el_class=\u00a0\u00bbtext-center\u00a0\u00bb][vc_row_inner el_class=\u00a0\u00bbalign-center\u00a0\u00bb][vc_column_inner el_class=\u00a0\u00bbtext-center\u00a0\u00bb offset=\u00a0\u00bbvc_col-lg-8 vc_col-md-10&Prime;][vc_custom_heading text=\u00a0\u00bbTrajet en Group\u00a0\u00bb font_container=\u00a0\u00bbtag:h1|text_align:center\u00a0\u00bb use_theme_fonts=\u00a0\u00bbyes\u00a0\u00bb el_class=\u00a0\u00bbtitle\u00a0\u00bb][\/vc_column_inner][\/vc_row_inner][\/vc_column][\/vc_row][vc_row thb_full_width=\u00a0\u00bbtrue\u00a0\u00bb css=\u00a0\u00bb.vc_custom_1671236212176{padding-top: 7vh !important;padding-bottom: 5vh !important;background-color: #000000 !important;}\u00a0\u00bb][vc_column thb_color=\u00a0\u00bbthb-light-column\u00a0\u00bb][vc_tta_accordion style=\u00a0\u00bboutline\u00a0\u00bb color=\u00a0\u00bbjuicy-pink\u00a0\u00bb c_icon=\u00a0\u00bb\u00a0\u00bb active_section=\u00a0\u00bb33&Prime; no_fill=\u00a0\u00bbtrue\u00a0\u00bb collapsible_all=\u00a0\u00bbtrue\u00a0\u00bb el_class=\u00a0\u00bbselezione-lingua\u00a0\u00bb][vc_tta_section i_icon_fontawesome=\u00a0\u00bbfas fa-angle-down\u00a0\u00bb add_icon=\u00a0\u00bbtrue\u00a0\u00bb title=\u00a0\u00bbS\u00e9lectionnez la langue\u00a0\u00bb tab_id=\u00a0\u00bb1671232039381-3b3d5fc7-4ca8bbf7-ecfc\u00a0\u00bb]\t<div class=\"thb-page-menu-container\">\n\t\t<ul id=\"menu-pagina-group-ride\" class=\"thb-page-menu style2\"><li id=\"menu-item-17450\" class=\"menu-item menu-item-type-custom menu-item-object-custom menu-item-17450\"><a href=\"https:\/\/www.ridemovi.com\/group-ride\/\"><span>> English<\/span><i class=\"fa fa-angle-right\"><\/i><\/a><\/li>\n<li id=\"menu-item-17451\" class=\"menu-item menu-item-type-custom menu-item-object-custom menu-item-17451\"><a href=\"https:\/\/www.ridemovi.com\/it\/group-ride\/\"><span>> Italiano<\/span><i class=\"fa fa-angle-right\"><\/i><\/a><\/li>\n<li id=\"menu-item-17452\" class=\"menu-item menu-item-type-custom menu-item-object-custom menu-item-17452\"><a href=\"https:\/\/www.ridemovi.com\/es\/viajes-en-grupo\/\"><span>> Espa\u00f1ol<\/span><i class=\"fa fa-angle-right\"><\/i><\/a><\/li>\n<li id=\"menu-item-17453\" class=\"menu-item menu-item-type-custom menu-item-object-custom menu-item-17453\"><a href=\"https:\/\/www.ridemovi.com\/el\/\u03bf\u03bc\u03b1\u03b4\u03b9\u03ba\u03ae-\u03b4\u03b9\u03b1\u03b4\u03c1\u03bf\u03bc\u03ae\/\"><span>> \u0395\u03bb\u03bb\u03b7\u03bd\u03b9\u03ba\u03ac<\/span><i class=\"fa fa-angle-right\"><\/i><\/a><\/li>\n<li id=\"menu-item-17454\" class=\"menu-item menu-item-type-custom menu-item-object-custom menu-item-17454\"><a href=\"https:\/\/www.ridemovi.com\/pt-pt\/viagem-em-grupo\/\"><span>> Portugu\u00eas<\/span><i class=\"fa fa-angle-right\"><\/i><\/a><\/li>\n<li id=\"menu-item-17455\" class=\"menu-item menu-item-type-custom menu-item-object-custom menu-item-17455\"><a href=\"https:\/\/www.ridemovi.com\/sv\/gruppturer-gruppakning\/\"><span>> Svenska<\/span><i class=\"fa fa-angle-right\"><\/i><\/a><\/li>\n<li id=\"menu-item-17456\" class=\"menu-item menu-item-type-custom menu-item-object-custom menu-item-17456\"><a href=\"https:\/\/www.ridemovi.com\/fr\/trajet-en-group\/\"><span>> Fran\u00e7ais<\/span><i class=\"fa fa-angle-right\"><\/i><\/a><\/li>\n<li id=\"menu-item-17457\" class=\"menu-item menu-item-type-custom menu-item-object-custom menu-item-17457\"><a href=\"https:\/\/www.ridemovi.com\/de\/gruppenfahrt\/\"><span>> Deutsch<\/span><i class=\"fa fa-angle-right\"><\/i><\/a><\/li>\n<\/ul>\t<\/div>\n\t[\/vc_tta_section][\/vc_tta_accordion][\/vc_column][\/vc_row][vc_row css=\u00a0\u00bb.vc_custom_1727706598101{padding-top: 10vh !important;}\u00a0\u00bb][vc_column]<div class=\"templatera_shortcode\"><div class=\"row wpb_row row-fluid\"><div class=\"wpb_column columns medium-12 thb-dark-column small-12\"><div class=\"vc_column-inner   \"><div class=\"wpb_wrapper\">\n\t<div class=\"wpb_text_column wpb_content_element  \" >\n\t\t<div class=\"wpb_wrapper\">\n\t\t\t<p style=\"font-weight: 400;\"><strong>Conditions g\u00e9n\u00e9rales - Trajet en Group<\/strong><\/p>\n<ol>\n<li style=\"font-weight: 400;\"><strong> D\u00e9finition et objet du service<\/strong><\/li>\n<\/ol>\n<p style=\"font-weight: 400;\">Le \u00abTrajet en Group permet au titulaire du compte de d\u00e9bloquer plusieurs v\u00e9hicules Ridemovi lors du m\u00eame trajet via un seul compte. Cette fonctionnalit\u00e9 est con\u00e7ue pour faciliter les d\u00e9placements en groupe, en permettant \u00e0 l'utilisateur de d\u00e9bloquer et de g\u00e9rer jusqu'\u00e0 un maximum de v\u00e9hicules autoris\u00e9s par la ville dans laquelle le Service est utilis\u00e9. Ceci est pr\u00e9vu au paragraphe 3 ci-dessous.<\/p>\n<ol start=\"2\">\n<li style=\"font-weight: 400;\"><strong> Type de v\u00e9hicules <\/strong>Le \u00ab Group Ride \u00bb ne peut \u00eatre effectu\u00e9 qu'avec des v\u00e9hicules Ridemovi d'un type similaire. (par exemple, uniquement des v\u00e9los \u00e9lectriques ou uniquement des trottinettes \u00e9lectriques).<\/li>\n<li style=\"font-weight: 400;\"><strong> Nombre de participants <\/strong>Le nombre maximum de v\u00e9hicules Ridemovi pouvant \u00eatre d\u00e9bloqu\u00e9s lors d'un \u00ab Trajet en Group\u00bb est fix\u00e9 par les r\u00e8gles de la ville o\u00f9 se d\u00e9roule le voyage. Ces r\u00e8gles seront visibles dans l'application.<\/li>\n<li style=\"font-weight: 400;\"><strong> Limitations d'utilisation et d'acc\u00e8s au Group Ride<\/strong>Vous \u00eates responsable de vos invit\u00e9s, notamment de v\u00e9rifier qu'ils ont l'\u00e2ge minimum requis pour utiliser le service, conform\u00e9ment aux conditions g\u00e9n\u00e9rales de Ridemovi. Vous devez disposer d'un compte v\u00e9rifi\u00e9 et d'un moyen de paiement valide. Le service ne sera disponible que dans certaines villes et sera indiqu\u00e9 par la pr\u00e9sence du bouton permettant d'activer le \u00abTrajet en Group\u00bb dans l'application.<\/li>\n<li style=\"font-weight: 400;\"><strong> Responsabilit\u00e9s de l'utilisateur principal <\/strong>Le titulaire du compte de la fonction \u00abTrajet en Group\u00bb assume l'enti\u00e8re responsabilit\u00e9 de tous les v\u00e9hicules Ridemovi et de leurs utilisateurs respectifs (invit\u00e9s) d\u00e9verrouill\u00e9s pendant le \u00abTrajet en Group\u00bb. Tous les frais li\u00e9s au voyage (y compris les frais des invit\u00e9s), les p\u00e9nalit\u00e9s ou amendes \u00e9ventuelles seront factur\u00e9s directement sur le compte de l'utilisateur principal. L'utilisateur qui d\u00e9tient le compte avec lequel la fonction \u00abTrajet en Group\u00bb est utilis\u00e9e assume la responsabilit\u00e9, \u00e9galement au nom de ses invit\u00e9s, du plein respect des conditions g\u00e9n\u00e9rales de Ridemovi.<\/li>\n<li style=\"font-weight: 400;\"><strong> Assurance et responsabilit\u00e9 civile<\/strong>En cas de sinistre ou d'accident, le titulaire du compte de la fonction \u00ab Sortie en groupe \u00bb est responsable de son voyage et de celui de ses invit\u00e9s. Si le titulaire du compte de la fonction \u00ab Sortie en groupe \u00bb a activ\u00e9 une assurance, celle-ci ne couvrira que lui et non les autres participants.<\/li>\n<li style=\"font-weight: 400;\"><strong> Interdiction d'utilisation abusive<\/strong>Le titulaire du compte de la fonction \u00abTrajet en Group\u00bb et ses invit\u00e9s ne peuvent pas utiliser les v\u00e9hicules Ridemovi pour des activit\u00e9s ill\u00e9gales ou en violation du code de la route. Tout comportement irresponsable causant des dommages aux v\u00e9hicules, \u00e0 des tiers ou \u00e0 des biens sera passible de sanctions conform\u00e9ment aux conditions g\u00e9n\u00e9rales de Ridemovi.<\/li>\n<li style=\"font-weight: 400;\"><strong> Mode de d\u00e9verrouillage<\/strong><\/li>\n<\/ol>\n<p style=\"font-weight: 400;\">Une fois que le v\u00e9hicule Ridemovi du titulaire du compte de la fonction \u00ab Trajet en Groupe \u00bb a \u00e9t\u00e9 d\u00e9bloqu\u00e9, des v\u00e9hicules Ridemovi suppl\u00e9mentaires peuvent \u00eatre ajout\u00e9s au \u00ab Trajet en groupe \u00bb en scannant le code QR du v\u00e9hicule Ridemovi ou en saisissant manuellement le code. Si une tentative de d\u00e9verrouillage d'un v\u00e9hicule Ridemovi qui n'est pas autoris\u00e9 pour le \u00ab Trajet en groupe \u00bb est effectu\u00e9e, le syst\u00e8me g\u00e9n\u00e8rera une erreur et emp\u00eachera son d\u00e9verrouillage.<\/p>\n<ol start=\"9\">\n<li style=\"font-weight: 400;\"><strong> Proximit\u00e9 et itin\u00e9raire de voyage <\/strong>Tous les v\u00e9hicules Ridemovi faisant partie du \u00abTrajet en Group\u00bb doivent voyager \u00e0 proximit\u00e9 les uns des autres. Le titulaire du compte de la fonction \u00abTrajet en Group\u00bb et les invit\u00e9s doivent suivre le m\u00eame itin\u00e9raire, et il n'est pas permis de s'\u00e9carter s\u00e9par\u00e9ment avec des v\u00e9hicules diff\u00e9rents.<\/li>\n<li style=\"font-weight: 400;\"><strong> Stationnement temporaire et fermeture du trajet <\/strong>Le titulaire du compte de la fonction \u00ab Trajet en groupe \u00bb peut effectuer un stationnement temporaire pour chaque v\u00e9hicule Ridemovi et terminer individuellement le trajet de chaque v\u00e9hicule conform\u00e9ment au flux standard et aux r\u00e8gles locales \u00e9tablies dans les conditions g\u00e9n\u00e9rales de Ridemovi. Ce n'est qu'\u00e0 la fin du trajet de tous les v\u00e9hicules Ridemovi que la fonction \u00ab Trajet en groupe \u00bb sera officiellement ferm\u00e9e et les co\u00fbts associ\u00e9s seront calcul\u00e9s.<\/li>\n<li style=\"font-weight: 400;\"><strong> Co\u00fbts et frais<\/strong><\/li>\n<\/ol>\n<p style=\"font-weight: 400;\">Les co\u00fbts du \u00abTrajet en Group\u00bb seront factur\u00e9s au titulaire du compte de la fonction \u00abTrajet en Group\u00bb et comprendront les co\u00fbts individuels pour chaque v\u00e9hicule Ridemovi d\u00e9verrouill\u00e9 et utilis\u00e9. Une fois tous les trajets effectu\u00e9s, le co\u00fbt total sera calcul\u00e9 et affich\u00e9 dans la section \u00ab Mes trajets \u00bb de l'application. Les co\u00fbts des trajets suivront les r\u00e8gles indiqu\u00e9es sur l'application, en plus des r\u00e8gles relatives aux conditions g\u00e9n\u00e9rales du service RideMovi Standard.<\/p>\n<ol start=\"12\">\n<li style=\"font-weight: 400;\"><strong> Interruptions ou dysfonctionnements du service <\/strong>RideMovi n'est pas responsable des dommages r\u00e9sultant de dysfonctionnements, tels que l'impossibilit\u00e9 de d\u00e9verrouiller un v\u00e9hicule Ridemovi ou une interruption de service. Les utilisateurs ont en permanence la possibilit\u00e9 de signaler des probl\u00e8mes via la section d\u00e9di\u00e9e ou en contactant le service client.<\/li>\n<li style=\"font-weight: 400;\"><strong> Modifications apport\u00e9es au service de transport en groupe<\/strong><\/li>\n<\/ol>\n<p style=\"font-weight: 400;\">Ridemovi se r\u00e9serve le droit de modifier, suspendre ou interrompre la fonctionnalit\u00e9 du \u00abTrajet en Group\u00bb \u00e0 tout moment, apr\u00e8s pr\u00e9avis aux utilisateurs.<\/p>\n<ol start=\"14\">\n<li style=\"font-weight: 400;\"><strong> Conformit\u00e9 aux lois locales<\/strong><\/li>\n<\/ol>\n<p style=\"font-weight: 400;\">L'utilisation du \u00abTrajet en Group\u00bb doit \u00eatre conforme \u00e0 la r\u00e9glementation routi\u00e8re et locale en vigueur, y compris les \u00e9ventuelles restrictions de stationnement, les interdictions de circuler dans certaines zones ou les r\u00e8gles de s\u00e9curit\u00e9 sp\u00e9cifiques aux v\u00e9hicules Ridemovi utilis\u00e9s.<\/p>\n<ol start=\"15\">\n<li style=\"font-weight: 400;\"><strong> D\u00e9lais et d\u00e9lais de location<\/strong><\/li>\n<\/ol>\n<p style=\"font-weight: 400;\">La dur\u00e9e maximale des locations multiples, dites \u00ab\u00a0Trajet en Group\u00bb, est conforme aux r\u00e8gles \u00e9tablies dans les Conditions g\u00e9n\u00e9rales de RideMovi. Des frais suppl\u00e9mentaires seront appliqu\u00e9s en cas de d\u00e9passement des d\u00e9lais autoris\u00e9s.<\/p>\n<ol start=\"16\">\n<li style=\"font-weight: 400;\"><strong> Utilisation des Pass et des Promotions<\/strong><\/li>\n<\/ol>\n<p style=\"font-weight: 400;\">Les promotions valables pour le \u00abTrajet en Group\u00bb incluent : Time Pass (d\u00e9duction des minutes disponibles) et Coupon (d\u00e9duction de la valeur du coupon sur un trajet).<\/p>\n<ol start=\"17\">\n<li style=\"font-weight: 400;\"><strong> Plaintes et rapports<\/strong><\/li>\n<\/ol>\n<p style=\"font-weight: 400;\">Le titulaire du Compte de la fonction \u00ab Trajet en groupe \u00bb pourra consulter le rapport \u00ab Trajet en groupe \u00bb dans la rubrique \u00ab Mes trajets \u00bb, o\u00f9 il aura la possibilit\u00e9 de formuler des r\u00e9clamations ou de signaler des d\u00e9fauts.<\/p>\n\n\t\t<\/div>\n\t<\/div>\n<\/div><\/div><\/div><\/div><\/div>[\/vc_column][\/vc_row]","protected":false},"excerpt":{"rendered":"Trajet en GroupS\u00e9lectionnez la langue > English > Italiano > Espa\u00f1ol > \u0395\u03bb\u03bb\u03b7\u03bd\u03b9\u03ba\u03ac > Portugu\u00eas > Svenska > Fran\u00e7ais > Deutsch Conditions g\u00e9n\u00e9rales - Trajet en Group D\u00e9finition et objet du service Le \u00abTrajet en Group permet au titulaire du compte de d\u00e9bloquer plusieurs v\u00e9hicules Ridemovi lors du m\u00eame trajet via un seul compte. Cette&hellip;","protected":false},"author":1,"featured_media":0,"parent":0,"menu_order":70,"comment_status":"closed","ping_status":"closed","template":"","meta":{"_acf_changed":false,"advgb_blocks_editor_width":"","advgb_blocks_columns_visual_guide":"","footnotes":""},"class_list":["post-17433","page","type-page","status-publish","hentry"],"acf":[],"yoast_head":"<!-- This site is optimized with the Yoast SEO plugin v24.2 - https:\/\/yoast.com\/wordpress\/plugins\/seo\/ -->\n<title>Trajet en Group - RideMovi<\/title>\n<meta name=\"robots\" content=\"index, follow, max-snippet:-1, max-image-preview:large, max-video-preview:-1\" \/>\n<link rel=\"canonical\" href=\"https:\/\/www.ridemovi.com\/fr\/trajet-en-group\/\" \/>\n<meta property=\"og:locale\" content=\"fr_FR\" \/>\n<meta property=\"og:type\" content=\"article\" \/>\n<meta property=\"og:title\" content=\"Trajet en Group - RideMovi\" \/>\n<meta property=\"og:url\" content=\"https:\/\/www.ridemovi.com\/fr\/trajet-en-group\/\" \/>\n<meta property=\"og:site_name\" content=\"RideMovi\" \/>\n<meta property=\"article:modified_time\" content=\"2024-11-05T21:59:34+00:00\" \/>\n<meta name=\"twitter:card\" content=\"summary_large_image\" \/>\n<meta name=\"twitter:label1\" content=\"Dur\u00e9e de lecture estim\u00e9e\" \/>\n\t<meta name=\"twitter:data1\" content=\"1 minute\" \/>\n<script type=\"application\/ld+json\" class=\"yoast-schema-graph\">{\"@context\":\"https:\/\/schema.org\",\"@graph\":[{\"@type\":\"WebPage\",\"@id\":\"https:\/\/www.ridemovi.com\/fr\/trajet-en-group\/\",\"url\":\"https:\/\/www.ridemovi.com\/fr\/trajet-en-group\/\",\"name\":\"Trajet en Group - RideMovi\",\"isPartOf\":{\"@id\":\"https:\/\/www.ridemovi.com\/#website\"},\"datePublished\":\"2024-11-05T21:58:04+00:00\",\"dateModified\":\"2024-11-05T21:59:34+00:00\",\"breadcrumb\":{\"@id\":\"https:\/\/www.ridemovi.com\/fr\/trajet-en-group\/#breadcrumb\"},\"inLanguage\":\"fr-FR\",\"potentialAction\":[{\"@type\":\"ReadAction\",\"target\":[\"https:\/\/www.ridemovi.com\/fr\/trajet-en-group\/\"]}]},{\"@type\":\"BreadcrumbList\",\"@id\":\"https:\/\/www.ridemovi.com\/fr\/trajet-en-group\/#breadcrumb\",\"itemListElement\":[{\"@type\":\"ListItem\",\"position\":1,\"name\":\"Home\",\"item\":\"https:\/\/www.ridemovi.com\/\"},{\"@type\":\"ListItem\",\"position\":2,\"name\":\"Trajet en Group\"}]},{\"@type\":\"WebSite\",\"@id\":\"https:\/\/www.ridemovi.com\/#website\",\"url\":\"https:\/\/www.ridemovi.com\/\",\"name\":\"RideMovi\",\"description\":\"Moving Your Life with Micromobility\",\"potentialAction\":[{\"@type\":\"SearchAction\",\"target\":{\"@type\":\"EntryPoint\",\"urlTemplate\":\"https:\/\/www.ridemovi.com\/?s={search_term_string}\"},\"query-input\":{\"@type\":\"PropertyValueSpecification\",\"valueRequired\":true,\"valueName\":\"search_term_string\"}}],\"inLanguage\":\"fr-FR\"}]}<\/script>\n<!-- \/ Yoast SEO plugin. -->","yoast_head_json":{"title":"Trajet en Group - RideMovi","robots":{"index":"index","follow":"follow","max-snippet":"max-snippet:-1","max-image-preview":"max-image-preview:large","max-video-preview":"max-video-preview:-1"},"canonical":"https:\/\/www.ridemovi.com\/fr\/trajet-en-group\/","og_locale":"fr_FR","og_type":"article","og_title":"Trajet en Group - RideMovi","og_url":"https:\/\/www.ridemovi.com\/fr\/trajet-en-group\/","og_site_name":"RideMovi","article_modified_time":"2024-11-05T21:59:34+00:00","twitter_card":"summary_large_image","twitter_misc":{"Dur\u00e9e de lecture estim\u00e9e":"1 minute"},"schema":{"@context":"https:\/\/schema.org","@graph":[{"@type":"WebPage","@id":"https:\/\/www.ridemovi.com\/fr\/trajet-en-group\/","url":"https:\/\/www.ridemovi.com\/fr\/trajet-en-group\/","name":"Trajet en Group - RideMovi","isPartOf":{"@id":"https:\/\/www.ridemovi.com\/#website"},"datePublished":"2024-11-05T21:58:04+00:00","dateModified":"2024-11-05T21:59:34+00:00","breadcrumb":{"@id":"https:\/\/www.ridemovi.com\/fr\/trajet-en-group\/#breadcrumb"},"inLanguage":"fr-FR","potentialAction":[{"@type":"ReadAction","target":["https:\/\/www.ridemovi.com\/fr\/trajet-en-group\/"]}]},{"@type":"BreadcrumbList","@id":"https:\/\/www.ridemovi.com\/fr\/trajet-en-group\/#breadcrumb","itemListElement":[{"@type":"ListItem","position":1,"name":"Home","item":"https:\/\/www.ridemovi.com\/"},{"@type":"ListItem","position":2,"name":"Trajet en Group"}]},{"@type":"WebSite","@id":"https:\/\/www.ridemovi.com\/#website","url":"https:\/\/www.ridemovi.com\/","name":"RideMovi","description":"Moving Your Life with Micromobility","potentialAction":[{"@type":"SearchAction","target":{"@type":"EntryPoint","urlTemplate":"https:\/\/www.ridemovi.com\/?s={search_term_string}"},"query-input":{"@type":"PropertyValueSpecification","valueRequired":true,"valueName":"search_term_string"}}],"inLanguage":"fr-FR"}]}},"coauthors":[],"author_meta":{"author_link":"https:\/\/www.ridemovi.com\/fr\/author\/obliquo-design\/","display_name":"Obliquo Design"},"relative_dates":{"created":"Publi\u00e9 1 an il y a","modified":"Mis \u00e0 jour 1 an il y a"},"absolute_dates":{"created":"Publi\u00e9 le novembre 5, 2024","modified":"Mise \u00e0 jour le novembre 5, 2024"},"absolute_dates_time":{"created":"Publi\u00e9 le novembre 5, 2024 9:58 pm","modified":"Mise \u00e0 jour le novembre 5, 2024 9:59 pm"},"featured_img_caption":"","featured_img":false,"series_order":"","_links":{"self":[{"href":"https:\/\/www.ridemovi.com\/fr\/wp-json\/wp\/v2\/pages\/17433","targetHints":{"allow":["GET"]}}],"collection":[{"href":"https:\/\/www.ridemovi.com\/fr\/wp-json\/wp\/v2\/pages"}],"about":[{"href":"https:\/\/www.ridemovi.com\/fr\/wp-json\/wp\/v2\/types\/page"}],"author":[{"embeddable":true,"href":"https:\/\/www.ridemovi.com\/fr\/wp-json\/wp\/v2\/users\/1"}],"replies":[{"embeddable":true,"href":"https:\/\/www.ridemovi.com\/fr\/wp-json\/wp\/v2\/comments?post=17433"}],"version-history":[{"count":0,"href":"https:\/\/www.ridemovi.com\/fr\/wp-json\/wp\/v2\/pages\/17433\/revisions"}],"wp:attachment":[{"href":"https:\/\/www.ridemovi.com\/fr\/wp-json\/wp\/v2\/media?parent=17433"}],"curies":[{"name":"wp","href":"https:\/\/api.w.org\/{rel}","templated":true}]}}