{"id":17434,"date":"2024-11-05T21:33:47","date_gmt":"2024-11-05T21:33:47","guid":{"rendered":"https:\/\/www.ridemovi.com\/?page_id=17434"},"modified":"2024-11-05T21:40:01","modified_gmt":"2024-11-05T21:40:01","slug":"group-ride","status":"publish","type":"page","link":"https:\/\/www.ridemovi.com\/it\/group-ride\/","title":{"rendered":"Group Ride"},"content":{"rendered":"[vc_row thb_full_width=&#8221;true&#8221; css=&#8221;.vc_custom_1671233475481{padding-top: 13vh !important;padding-bottom: 13vh !important;background: #ff4611 url(https:\/\/www.ridemovi.com\/wp-content\/uploads\/2022\/12\/header-bizmovi-3.jpg?id=7880) !important;background-position: center !important;background-repeat: no-repeat !important;background-size: cover !important;}&#8221; el_class=&#8221;align-center&#8221;][vc_column thb_color=&#8221;thb-light-column&#8221; animation=&#8221;animation bottom-to-top-3d&#8221; el_class=&#8221;text-center&#8221;][vc_row_inner el_class=&#8221;align-center&#8221;][vc_column_inner el_class=&#8221;text-center&#8221; offset=&#8221;vc_col-lg-8 vc_col-md-10&#8243;][vc_custom_heading text=&#8221;Group Ride&#8221; font_container=&#8221;tag:h1|text_align:center&#8221; use_theme_fonts=&#8221;yes&#8221; el_class=&#8221;title&#8221;][\/vc_column_inner][\/vc_row_inner][\/vc_column][\/vc_row][vc_row thb_full_width=&#8221;true&#8221; css=&#8221;.vc_custom_1671236212176{padding-top: 7vh !important;padding-bottom: 5vh !important;background-color: #000000 !important;}&#8221;][vc_column thb_color=&#8221;thb-light-column&#8221;][vc_tta_accordion style=&#8221;outline&#8221; color=&#8221;juicy-pink&#8221; c_icon=&#8221;&#8221; active_section=&#8221;33&#8243; no_fill=&#8221;true&#8221; collapsible_all=&#8221;true&#8221; el_class=&#8221;selezione-lingua&#8221;][vc_tta_section i_icon_fontawesome=&#8221;fa fa-angle-down&#8221; add_icon=&#8221;true&#8221; title=&#8221;Seleziona lingua&#8221; tab_id=&#8221;1671232039381-3b3d5fc7-4ca8bbf7-ecfc&#8221;]\t<div class=\"thb-page-menu-container\">\n\t\t<ul id=\"menu-pagina-group-ride\" class=\"thb-page-menu style2\"><li id=\"menu-item-17450\" class=\"menu-item menu-item-type-custom menu-item-object-custom menu-item-17450\"><a href=\"https:\/\/www.ridemovi.com\/group-ride\/\"><span>> English<\/span><i class=\"fa fa-angle-right\"><\/i><\/a><\/li>\n<li id=\"menu-item-17451\" class=\"menu-item menu-item-type-custom menu-item-object-custom menu-item-17451\"><a href=\"https:\/\/www.ridemovi.com\/it\/group-ride\/\"><span>> Italiano<\/span><i class=\"fa fa-angle-right\"><\/i><\/a><\/li>\n<li id=\"menu-item-17452\" class=\"menu-item menu-item-type-custom menu-item-object-custom menu-item-17452\"><a href=\"https:\/\/www.ridemovi.com\/es\/viajes-en-grupo\/\"><span>> Espa\u00f1ol<\/span><i class=\"fa fa-angle-right\"><\/i><\/a><\/li>\n<li id=\"menu-item-17453\" class=\"menu-item menu-item-type-custom menu-item-object-custom menu-item-17453\"><a href=\"https:\/\/www.ridemovi.com\/el\/\u03bf\u03bc\u03b1\u03b4\u03b9\u03ba\u03ae-\u03b4\u03b9\u03b1\u03b4\u03c1\u03bf\u03bc\u03ae\/\"><span>> \u0395\u03bb\u03bb\u03b7\u03bd\u03b9\u03ba\u03ac<\/span><i class=\"fa fa-angle-right\"><\/i><\/a><\/li>\n<li id=\"menu-item-17454\" class=\"menu-item menu-item-type-custom menu-item-object-custom menu-item-17454\"><a href=\"https:\/\/www.ridemovi.com\/pt-pt\/viagem-em-grupo\/\"><span>> Portugu\u00eas<\/span><i class=\"fa fa-angle-right\"><\/i><\/a><\/li>\n<li id=\"menu-item-17455\" class=\"menu-item menu-item-type-custom menu-item-object-custom menu-item-17455\"><a href=\"https:\/\/www.ridemovi.com\/sv\/gruppturer-gruppakning\/\"><span>> Svenska<\/span><i class=\"fa fa-angle-right\"><\/i><\/a><\/li>\n<li id=\"menu-item-17456\" class=\"menu-item menu-item-type-custom menu-item-object-custom menu-item-17456\"><a href=\"https:\/\/www.ridemovi.com\/fr\/trajet-en-group\/\"><span>> Fran\u00e7ais<\/span><i class=\"fa fa-angle-right\"><\/i><\/a><\/li>\n<li id=\"menu-item-17457\" class=\"menu-item menu-item-type-custom menu-item-object-custom menu-item-17457\"><a href=\"https:\/\/www.ridemovi.com\/de\/gruppenfahrt\/\"><span>> Deutsch<\/span><i class=\"fa fa-angle-right\"><\/i><\/a><\/li>\n<\/ul>\t<\/div>\n\t[\/vc_tta_section][\/vc_tta_accordion][\/vc_column][\/vc_row][vc_row][vc_column]<div class=\"templatera_shortcode\"><div class=\"row wpb_row row-fluid\"><div class=\"wpb_column columns medium-12 thb-dark-column small-12\"><div class=\"vc_column-inner   vc_custom_1671322905358\"><div class=\"wpb_wrapper\">\n\t<div class=\"wpb_text_column wpb_content_element  \" >\n\t\t<div class=\"wpb_wrapper\">\n\t\t\t<p style=\"font-weight: 400;\"><strong>Terms &amp; Conditions - Group Ride<\/strong><\/p>\n<ol>\n<li style=\"font-weight: 400;\"><strong> Definizione e Scopo del Servizio<\/strong><\/li>\n<\/ol>\n<p style=\"font-weight: 400;\">Il \"Group Ride\" consente all'utente detentore dell\u2019Account di sbloccare pi\u00f9 Veicoli Ridemovi nello stesso viaggio tramite un unico Account. Questa funzionalit\u00e0 \u00e8 progettata per facilitare viaggi di gruppo, permettendo all'utente di sbloccare e gestire fino a un massimo di veicoli consentiti dalla citt\u00e0 in cui si utilizza il Servizio secondo quanto meglio previsto al successivo paragrafo 3.<\/p>\n<ol start=\"2\">\n<li style=\"font-weight: 400;\"><strong> Tipologia di Veicoli<\/strong><\/li>\n<\/ol>\n<p style=\"font-weight: 400;\">Il \"Group Ride\" pu\u00f2 essere effettuato solo per una tipologia di Veicoli Ridemovi omogenea (ad esempio, solo ebikes o solo monopattini elettrici).<\/p>\n<ol start=\"3\">\n<li style=\"font-weight: 400;\"><strong> Numero di Partecipanti<\/strong><\/li>\n<\/ol>\n<p style=\"font-weight: 400;\">Il numero massimo di Veicoli Ridemovi sbloccabili durante un \"Group Ride\" \u00e8 determinato dalle regole locali della citt\u00e0 in cui si effettua il viaggio. Queste regole saranno visibili all'interno dell'Applicazione.<\/p>\n<ol start=\"4\">\n<li style=\"font-weight: 400;\"><strong> Limitazioni di Utilizzo e Accesso al Group Ride<\/strong><\/li>\n<\/ol>\n<p style=\"font-weight: 400;\">L'utente \u00e8 responsabile per i propri ospiti, inclusa la verifica che abbiano l\u2019et\u00e0 minima richiesta per l'utilizzo del servizio, secondo i Termini e Condizioni di Ridemovi. L'utente deve possedere un Account verificato e un metodo di pagamento valido. Il servizio sar\u00e0 disponibile solo in alcune citt\u00e0 e verr\u00e0 segnalato dalla presenza del pulsante per l'attivazione del \"Group Ride\" all'interno dell'Applicazione.<\/p>\n<ol start=\"5\">\n<li style=\"font-weight: 400;\"><strong> Responsabilit\u00e0 dell'Utente Principale<\/strong><\/li>\n<\/ol>\n<p style=\"font-weight: 400;\">L'utente detentore dell\u2019Account con cui si usa la funzione \u201cGroup Ride\u201d, si assume la piena responsabilit\u00e0 per tutti i Veicoli Ridemovi e i rispettivi utilizzatori (guest) sbloccati durante il \"Group Ride\". Tutti i costi relativi al viaggio (inclusi quelli degli ospiti), eventuali penalit\u00e0 o multe, saranno addebitati direttamente al conto dell'utente principale. L\u2019utente detentore dell\u2019Account con cui si usa la funzione \u201cGroup Ride\u201d si assume la responsabilit\u00e0, anche per conto dei propri guest, dell\u2019integrale rispetto dei Termini e Condizioni di Ridemovi.<\/p>\n<ol start=\"6\">\n<li style=\"font-weight: 400;\"><strong> Assicurazione e Responsabilit\u00e0 Civile<\/strong><\/li>\n<\/ol>\n<p style=\"font-weight: 400;\">In caso di sinistri o incidenti, l'utente detentore dell\u2019Account con cui si usa la funzione \u201cGroup Ride\u201d \u00e8 responsabile per il proprio viaggio e per quello dei suoi guests. Se l'utente detentore dell\u2019Account con cui si usa la funzione \u201cGroup Ride\u201d ha attivato un\u2019assicurazione, questa coprir\u00e0 esclusivamente lui, e non gli altri partecipanti del \"Group Ride\".<\/p>\n<ol start=\"7\">\n<li style=\"font-weight: 400;\"><strong> Divieto di Uso Improprio<\/strong><\/li>\n<\/ol>\n<p style=\"font-weight: 400;\">L'utente detentore dell\u2019Account con cui si usa la funzione \u201cGroup Ride\u201d e i suoi ospiti non possono utilizzare i Veicoli Ridemovi per attivit\u00e0 illegali o in violazione delle norme stradali. Comportamenti irresponsabili che causano danni ai veicoli, a terzi o alla propriet\u00e0 saranno soggetti a sanzioni secondo i Termini e Condizioni di Ridemovi.<\/p>\n<ol start=\"8\">\n<li style=\"font-weight: 400;\"><strong> Modalit\u00e0 di Sblocco<\/strong><\/li>\n<\/ol>\n<p style=\"font-weight: 400;\">Una volta sbloccato il Veicolo Ridemovi dell\u2019utente detentore dell\u2019Account con cui si usa la funzione \u201cGroup Ride\u201d, gli ulteriori Veicoli Ridemovi possono essere aggiunti al \"Group Ride\" mediante la scansione del codice QR del Veicolo Ridemovi o l'inserimento manuale del codice. Se viene tentato di sbloccare un Veicolo Ridemovi non consentito per il \"Group Ride\", il sistema generer\u00e0 un errore e ne impedir\u00e0 lo sblocco.<\/p>\n<ol start=\"9\">\n<li style=\"font-weight: 400;\"><strong> Prossimit\u00e0 e Percorso del Viaggio<\/strong><\/li>\n<\/ol>\n<p style=\"font-weight: 400;\">Tutti i Veicoli Ridemovi all'interno del \"Group Ride\" devono viaggiare in prossimit\u00e0 l'uno dell'altro. L'utente detentore dell\u2019Account con cui si usa la funzione \u201cGroup Ride\u201d e i guest devono seguire lo stesso percorso, e non \u00e8 consentito deviare separatamente con veicoli diversi.<\/p>\n<ol start=\"10\">\n<li style=\"font-weight: 400;\"><strong> Parcheggi Temporanei e Chiusura del Viaggio<\/strong><\/li>\n<\/ol>\n<p style=\"font-weight: 400;\">L'utente detentore dell\u2019Account con cui si usa la funzione \u201cGroup Ride\u201d pu\u00f2 effettuare parcheggi temporanei per ciascun Veicolo Ridemovi e terminare individualmente il viaggio di ogni mezzo secondo il flusso standard e le regole locali stabilite nei Termini e Condizioni Ridemovi. Solo alla conclusione del viaggio di tutti i Veicoli Ridemovi verr\u00e0 chiuso ufficialmente il \"Group Ride\" e calcolati i relativi costi.<\/p>\n<ol start=\"11\">\n<li style=\"font-weight: 400;\"><strong> Costi e Addebiti<\/strong><\/li>\n<\/ol>\n<p style=\"font-weight: 400;\">I costi per il \"Group Ride\" saranno addebitati all'utente detentore dell\u2019Account con cui si usa la funzione \u201cGroup Ride\u201d, e comprenderanno i singoli costi per ciascun Veicolo Ridemovi sbloccato e utilizzato. Alla chiusura di tutti i viaggi, verr\u00e0 calcolato e visualizzato il costo totale nella sezione \"I miei viaggi\" dell'Applicazione. I costi del viaggio seguiranno le regole indicate sull\u2019Applicazione, oltre alle regole relative ai Termini e Condizioni del servizio RideMovi Standard.<\/p>\n<ol start=\"12\">\n<li style=\"font-weight: 400;\"><strong> Interruzioni o Malfunzionamenti del Servizio<\/strong><\/li>\n<\/ol>\n<p style=\"font-weight: 400;\">RideMovi non \u00e8 responsabile per eventuali danni derivanti da malfunzionamenti, come l\u2019impossibilit\u00e0 di sbloccare un Veicolo Ridemovi o un\u2019interruzione del servizio. Gli utenti possono comunque segnalare problemi tramite l'apposita sezione o contattando il servizio clienti.<\/p>\n<ol start=\"13\">\n<li style=\"font-weight: 400;\"><strong> Modifiche al Servizio Group Ride<\/strong><\/li>\n<\/ol>\n<p style=\"font-weight: 400;\">Ridemovi si riserva il diritto di modificare, sospendere o interrompere la funzionalit\u00e0 del \"Group Ride\" in qualsiasi momento, previa notifica agli utenti.<\/p>\n<ol start=\"14\">\n<li style=\"font-weight: 400;\"><strong> Rispetto delle Normative Locali<\/strong><\/li>\n<\/ol>\n<p style=\"font-weight: 400;\">L'uso del \"Group Ride\" deve rispettare tutte le normative stradali e locali vigenti, incluse eventuali limitazioni di parcheggio, divieti di transito in determinate aree o regole specifiche di sicurezza per i Veicoli Ridemovi utilizzati.<\/p>\n<ol start=\"15\">\n<li style=\"font-weight: 400;\"><strong> Tempi di Utilizzo e Scadenze<\/strong><\/li>\n<\/ol>\n<p style=\"font-weight: 400;\">La durata massima per il noleggio multiplo segue i vincoli stabiliti nei Termini e Condizioni di RideMovi. Eventuali addebiti extra saranno applicati in caso di superamento dei limiti di tempo consentiti.<\/p>\n<ol start=\"16\">\n<li style=\"font-weight: 400;\"><strong> Utilizzo di Pass e Promozioni<\/strong><\/li>\n<\/ol>\n<p style=\"font-weight: 400;\">Le promozioni valide per il \"Group Ride\" includono: Time Pass (detrazione dei minuti disponibili) e Coupon (detrazione del valore del coupon su una corsa). Non saranno valide le promozioni di tipo \"pass mensili\" o Movi Prime. Inoltre, non verranno attivati reward come il Parking Reward, soggetti alle regole specifiche della citt\u00e0 in cui si effettua il viaggio.<\/p>\n<ol start=\"17\">\n<li style=\"font-weight: 400;\"><strong> Reclami e Segnalazioni<\/strong><\/li>\n<\/ol>\n<p style=\"font-weight: 400;\">L'utente detentore dell\u2019Account con cui si usa la funzione \u201cGroup Ride\u201d potr\u00e0 visualizzare il resoconto del \"Group Ride\" nella sezione \"I miei viaggi\", dove avr\u00e0 la possibilit\u00e0 di effettuare reclami o segnalare guasti. Eventuali penalit\u00e0 o multe associate al viaggio saranno visibili nella stessa sezione.<\/p>\n\n\t\t<\/div>\n\t<\/div>\n<\/div><\/div><\/div><\/div><\/div>[\/vc_column][\/vc_row]","protected":false},"excerpt":{"rendered":"Group RideSeleziona lingua > English > Italiano > Espa\u00f1ol > \u0395\u03bb\u03bb\u03b7\u03bd\u03b9\u03ba\u03ac > Portugu\u00eas > Svenska > Fran\u00e7ais > Deutsch Terms &amp; Conditions - Group Ride Definizione e Scopo del Servizio Il \"Group Ride\" consente all'utente detentore dell\u2019Account di sbloccare pi\u00f9 Veicoli Ridemovi nello stesso viaggio tramite un unico Account. Questa funzionalit\u00e0 \u00e8 progettata per facilitare&hellip;","protected":false},"author":1,"featured_media":0,"parent":0,"menu_order":70,"comment_status":"closed","ping_status":"closed","template":"","meta":{"_acf_changed":false,"advgb_blocks_editor_width":"","advgb_blocks_columns_visual_guide":"","footnotes":""},"class_list":["post-17434","page","type-page","status-publish","hentry"],"acf":[],"yoast_head":"<!-- This site is optimized with the Yoast SEO plugin v24.2 - https:\/\/yoast.com\/wordpress\/plugins\/seo\/ -->\n<title>Group Ride - RideMovi<\/title>\n<meta name=\"robots\" content=\"index, follow, max-snippet:-1, max-image-preview:large, max-video-preview:-1\" \/>\n<link rel=\"canonical\" href=\"https:\/\/www.ridemovi.com\/it\/group-ride\/\" \/>\n<meta property=\"og:locale\" content=\"it_IT\" \/>\n<meta property=\"og:type\" content=\"article\" \/>\n<meta property=\"og:title\" content=\"Group Ride - RideMovi\" \/>\n<meta property=\"og:url\" content=\"https:\/\/www.ridemovi.com\/it\/group-ride\/\" \/>\n<meta property=\"og:site_name\" content=\"RideMovi\" \/>\n<meta property=\"article:modified_time\" content=\"2024-11-05T21:40:01+00:00\" \/>\n<meta name=\"twitter:card\" content=\"summary_large_image\" \/>\n<meta name=\"twitter:label1\" content=\"Tempo di lettura stimato\" \/>\n\t<meta name=\"twitter:data1\" content=\"1 minuto\" \/>\n<script type=\"application\/ld+json\" class=\"yoast-schema-graph\">{\"@context\":\"https:\/\/schema.org\",\"@graph\":[{\"@type\":\"WebPage\",\"@id\":\"https:\/\/www.ridemovi.com\/it\/group-ride\/\",\"url\":\"https:\/\/www.ridemovi.com\/it\/group-ride\/\",\"name\":\"Group Ride - RideMovi\",\"isPartOf\":{\"@id\":\"https:\/\/www.ridemovi.com\/#website\"},\"datePublished\":\"2024-11-05T21:33:47+00:00\",\"dateModified\":\"2024-11-05T21:40:01+00:00\",\"breadcrumb\":{\"@id\":\"https:\/\/www.ridemovi.com\/it\/group-ride\/#breadcrumb\"},\"inLanguage\":\"it-IT\",\"potentialAction\":[{\"@type\":\"ReadAction\",\"target\":[\"https:\/\/www.ridemovi.com\/it\/group-ride\/\"]}]},{\"@type\":\"BreadcrumbList\",\"@id\":\"https:\/\/www.ridemovi.com\/it\/group-ride\/#breadcrumb\",\"itemListElement\":[{\"@type\":\"ListItem\",\"position\":1,\"name\":\"Home\",\"item\":\"https:\/\/www.ridemovi.com\/it\/\"},{\"@type\":\"ListItem\",\"position\":2,\"name\":\"Group Ride\"}]},{\"@type\":\"WebSite\",\"@id\":\"https:\/\/www.ridemovi.com\/#website\",\"url\":\"https:\/\/www.ridemovi.com\/\",\"name\":\"RideMovi\",\"description\":\"Moving Your Life with Micromobility\",\"potentialAction\":[{\"@type\":\"SearchAction\",\"target\":{\"@type\":\"EntryPoint\",\"urlTemplate\":\"https:\/\/www.ridemovi.com\/?s={search_term_string}\"},\"query-input\":{\"@type\":\"PropertyValueSpecification\",\"valueRequired\":true,\"valueName\":\"search_term_string\"}}],\"inLanguage\":\"it-IT\"}]}<\/script>\n<!-- \/ Yoast SEO plugin. -->","yoast_head_json":{"title":"Group Ride - RideMovi","robots":{"index":"index","follow":"follow","max-snippet":"max-snippet:-1","max-image-preview":"max-image-preview:large","max-video-preview":"max-video-preview:-1"},"canonical":"https:\/\/www.ridemovi.com\/it\/group-ride\/","og_locale":"it_IT","og_type":"article","og_title":"Group Ride - RideMovi","og_url":"https:\/\/www.ridemovi.com\/it\/group-ride\/","og_site_name":"RideMovi","article_modified_time":"2024-11-05T21:40:01+00:00","twitter_card":"summary_large_image","twitter_misc":{"Tempo di lettura stimato":"1 minuto"},"schema":{"@context":"https:\/\/schema.org","@graph":[{"@type":"WebPage","@id":"https:\/\/www.ridemovi.com\/it\/group-ride\/","url":"https:\/\/www.ridemovi.com\/it\/group-ride\/","name":"Group Ride - RideMovi","isPartOf":{"@id":"https:\/\/www.ridemovi.com\/#website"},"datePublished":"2024-11-05T21:33:47+00:00","dateModified":"2024-11-05T21:40:01+00:00","breadcrumb":{"@id":"https:\/\/www.ridemovi.com\/it\/group-ride\/#breadcrumb"},"inLanguage":"it-IT","potentialAction":[{"@type":"ReadAction","target":["https:\/\/www.ridemovi.com\/it\/group-ride\/"]}]},{"@type":"BreadcrumbList","@id":"https:\/\/www.ridemovi.com\/it\/group-ride\/#breadcrumb","itemListElement":[{"@type":"ListItem","position":1,"name":"Home","item":"https:\/\/www.ridemovi.com\/it\/"},{"@type":"ListItem","position":2,"name":"Group Ride"}]},{"@type":"WebSite","@id":"https:\/\/www.ridemovi.com\/#website","url":"https:\/\/www.ridemovi.com\/","name":"RideMovi","description":"Moving Your Life with Micromobility","potentialAction":[{"@type":"SearchAction","target":{"@type":"EntryPoint","urlTemplate":"https:\/\/www.ridemovi.com\/?s={search_term_string}"},"query-input":{"@type":"PropertyValueSpecification","valueRequired":true,"valueName":"search_term_string"}}],"inLanguage":"it-IT"}]}},"coauthors":[],"author_meta":{"author_link":"https:\/\/www.ridemovi.com\/it\/author\/obliquo-design\/","display_name":"Obliquo Design"},"relative_dates":{"created":"Pubblicato 1 anno fa","modified":"Aggiornato 1 anno fa"},"absolute_dates":{"created":"Pubblicato il Novembre 5, 2024","modified":"Aggiornato il Novembre 5, 2024"},"absolute_dates_time":{"created":"Pubblicato il Novembre 5, 2024 9:33 pm","modified":"Aggiornato il Novembre 5, 2024 9:40 pm"},"featured_img_caption":"","featured_img":false,"series_order":"","_links":{"self":[{"href":"https:\/\/www.ridemovi.com\/it\/wp-json\/wp\/v2\/pages\/17434","targetHints":{"allow":["GET"]}}],"collection":[{"href":"https:\/\/www.ridemovi.com\/it\/wp-json\/wp\/v2\/pages"}],"about":[{"href":"https:\/\/www.ridemovi.com\/it\/wp-json\/wp\/v2\/types\/page"}],"author":[{"embeddable":true,"href":"https:\/\/www.ridemovi.com\/it\/wp-json\/wp\/v2\/users\/1"}],"replies":[{"embeddable":true,"href":"https:\/\/www.ridemovi.com\/it\/wp-json\/wp\/v2\/comments?post=17434"}],"version-history":[{"count":0,"href":"https:\/\/www.ridemovi.com\/it\/wp-json\/wp\/v2\/pages\/17434\/revisions"}],"wp:attachment":[{"href":"https:\/\/www.ridemovi.com\/it\/wp-json\/wp\/v2\/media?parent=17434"}],"curies":[{"name":"wp","href":"https:\/\/api.w.org\/{rel}","templated":true}]}}