{"id":17478,"date":"2024-11-05T22:39:36","date_gmt":"2024-11-05T22:39:36","guid":{"rendered":"https:\/\/www.ridemovi.com\/?page_id=17478"},"modified":"2024-11-05T22:53:14","modified_gmt":"2024-11-05T22:53:14","slug":"sotto-i-18-anni","status":"publish","type":"page","link":"https:\/\/www.ridemovi.com\/it\/sotto-i-18-anni\/","title":{"rendered":"Sotto i 18 anni"},"content":{"rendered":"[vc_row thb_full_width=&#8221;true&#8221; css=&#8221;.vc_custom_1671233475481{padding-top: 13vh !important;padding-bottom: 13vh !important;background: #ff4611 url(https:\/\/www.ridemovi.com\/wp-content\/uploads\/2022\/12\/header-bizmovi-3.jpg?id=7880) !important;background-position: center !important;background-repeat: no-repeat !important;background-size: cover !important;}&#8221; el_class=&#8221;align-center&#8221;][vc_column thb_color=&#8221;thb-light-column&#8221; animation=&#8221;animation bottom-to-top-3d&#8221; el_class=&#8221;text-center&#8221;][vc_row_inner el_class=&#8221;align-center&#8221;][vc_column_inner el_class=&#8221;text-center&#8221; offset=&#8221;vc_col-lg-8 vc_col-md-10&#8243;][vc_custom_heading text=&#8221;Sotto i 18 anni&#8221; font_container=&#8221;tag:h1|text_align:center&#8221; use_theme_fonts=&#8221;yes&#8221; el_class=&#8221;title&#8221;][\/vc_column_inner][\/vc_row_inner][\/vc_column][\/vc_row][vc_row thb_full_width=&#8221;true&#8221; css=&#8221;.vc_custom_1671236212176{padding-top: 7vh !important;padding-bottom: 5vh !important;background-color: #000000 !important;}&#8221;][vc_column thb_color=&#8221;thb-light-column&#8221;][vc_tta_accordion style=&#8221;outline&#8221; color=&#8221;juicy-pink&#8221; c_icon=&#8221;&#8221; active_section=&#8221;33&#8243; no_fill=&#8221;true&#8221; collapsible_all=&#8221;true&#8221; el_class=&#8221;selezione-lingua&#8221;][vc_tta_section i_icon_fontawesome=&#8221;fa fa-angle-down&#8221; add_icon=&#8221;true&#8221; title=&#8221;Seleziona lingua&#8221; tab_id=&#8221;1671232039381-3b3d5fc7-4ca8bbf7-ecfc&#8221;]\t<div class=\"thb-page-menu-container\">\n\t\t<ul id=\"menu-pagina-under-18\" class=\"thb-page-menu style2\"><li id=\"menu-item-17487\" class=\"menu-item menu-item-type-custom menu-item-object-custom menu-item-17487\"><a href=\"https:\/\/www.ridemovi.com\/under-18\/\"><span>> English<\/span><i class=\"fa fa-angle-right\"><\/i><\/a><\/li>\n<li id=\"menu-item-17488\" class=\"menu-item menu-item-type-custom menu-item-object-custom menu-item-17488\"><a href=\"https:\/\/www.ridemovi.com\/it\/sotto-i-18-anni\/\"><span>> Italiano<\/span><i class=\"fa fa-angle-right\"><\/i><\/a><\/li>\n<li id=\"menu-item-17489\" class=\"menu-item menu-item-type-custom menu-item-object-custom menu-item-17489\"><a href=\"https:\/\/www.ridemovi.com\/es\/menores-de-18-anos\/\"><span>> Espa\u00f1ol<\/span><i class=\"fa fa-angle-right\"><\/i><\/a><\/li>\n<li id=\"menu-item-17490\" class=\"menu-item menu-item-type-custom menu-item-object-custom menu-item-17490\"><a href=\"https:\/\/www.ridemovi.com\/fr\/moins-de-18-ans\/\"><span>> Fran\u00e7ais<\/span><i class=\"fa fa-angle-right\"><\/i><\/a><\/li>\n<\/ul>\t<\/div>\n\t[\/vc_tta_section][\/vc_tta_accordion][\/vc_column][\/vc_row][vc_row][vc_column]<div class=\"templatera_shortcode\"><div class=\"row wpb_row row-fluid\"><div class=\"wpb_column columns medium-12 thb-dark-column small-12\"><div class=\"vc_column-inner   vc_custom_1671322802112\"><div class=\"wpb_wrapper\">\n\t<div class=\"wpb_text_column wpb_content_element  \" >\n\t\t<div class=\"wpb_wrapper\">\n\t\t\t<p style=\"font-weight: 400;\"><strong>Segui le nostre linee guida per i minori di 18 anni <\/strong><\/p>\n<p style=\"font-weight: 400;\">Al fine di registrare un Account o utilizzare i Servizi, l\u2019utente dovr\u00e0 avere almeno 18 (diciotto) anni. Se non si soddisfano i requisiti minimi di et\u00e0 previsti da Ridemovi in base al Paese in cui si trova il Minore, non si potr\u00e0 aprire un account Ridemovi o utilizzare il servizio.<\/p>\n<p style=\"font-weight: 400;\">L'utente che ha compiuto 16 anni (ad eccezione della citt\u00e0 di Cesena in Italia 14 anni, di Francia 14 anni, e Grecia 15 anni) pu\u00f3 usufruire del servizio solo se il genitore o il tutore legale, ha seguito la procedura richiesta e inviato all\u2019indirizzo &#x73;&#x75;&#x70;&#x70;&#x6f;&#x72;&#x74;&#x40;<span class=\"oe_displaynone\">null<\/span>&#x72;&#x69;&#x64;&#x65;&#x6d;&#x6f;&#x76;&#x69;&#x2e;&#x63;&#x6f;&#x6d; la documentazione con le seguenti dichiarazioni:<br \/>\n(a) abbia registrato l\u2019Account per conto del Minore, fornendo una copia del documento di identit\u00e0 del Minore e del genitore o del tutore legale,<br \/>\n(b) abbia dichiarato e garantisca che egli\/ella ed il Minore hanno accettato i presenti Termini e Condizioni.<br \/>\n(c) garantisca di essere pienamente responsabile per ogni infortunio, danno, costo e spesa che consegua dall\u2019utilizzo dei Servizi da parte del Minore in conformit\u00e0 con i presenti Termini e Condizioni e secondo quanto previsto dalla legge.<\/p>\n\n\t\t<\/div>\n\t<\/div>\n<\/div><\/div><\/div><\/div><\/div>[\/vc_column][\/vc_row]","protected":false},"excerpt":{"rendered":"Sotto i 18 anniSeleziona lingua > English > Italiano > Espa\u00f1ol > Fran\u00e7ais Segui le nostre linee guida per i minori di 18 anni Al fine di registrare un Account o utilizzare i Servizi, l\u2019utente dovr\u00e0 avere almeno 18 (diciotto) anni. Se non si soddisfano i requisiti minimi di et\u00e0 previsti da Ridemovi in base&hellip;","protected":false},"author":1,"featured_media":0,"parent":0,"menu_order":70,"comment_status":"closed","ping_status":"closed","template":"","meta":{"_acf_changed":false,"advgb_blocks_editor_width":"","advgb_blocks_columns_visual_guide":"","footnotes":""},"class_list":["post-17478","page","type-page","status-publish","hentry"],"acf":[],"yoast_head":"<!-- This site is optimized with the Yoast SEO plugin v24.2 - https:\/\/yoast.com\/wordpress\/plugins\/seo\/ -->\n<title>Sotto i 18 anni - RideMovi<\/title>\n<meta name=\"robots\" content=\"index, follow, max-snippet:-1, max-image-preview:large, max-video-preview:-1\" \/>\n<link rel=\"canonical\" href=\"https:\/\/www.ridemovi.com\/it\/sotto-i-18-anni\/\" \/>\n<meta property=\"og:locale\" content=\"it_IT\" \/>\n<meta property=\"og:type\" content=\"article\" \/>\n<meta property=\"og:title\" content=\"Sotto i 18 anni - RideMovi\" \/>\n<meta property=\"og:url\" content=\"https:\/\/www.ridemovi.com\/it\/sotto-i-18-anni\/\" \/>\n<meta property=\"og:site_name\" content=\"RideMovi\" \/>\n<meta property=\"article:modified_time\" content=\"2024-11-05T22:53:14+00:00\" \/>\n<meta name=\"twitter:card\" content=\"summary_large_image\" \/>\n<meta name=\"twitter:label1\" content=\"Tempo di lettura stimato\" \/>\n\t<meta name=\"twitter:data1\" content=\"1 minuto\" \/>\n<script type=\"application\/ld+json\" class=\"yoast-schema-graph\">{\"@context\":\"https:\/\/schema.org\",\"@graph\":[{\"@type\":\"WebPage\",\"@id\":\"https:\/\/www.ridemovi.com\/it\/sotto-i-18-anni\/\",\"url\":\"https:\/\/www.ridemovi.com\/it\/sotto-i-18-anni\/\",\"name\":\"Sotto i 18 anni - RideMovi\",\"isPartOf\":{\"@id\":\"https:\/\/www.ridemovi.com\/#website\"},\"datePublished\":\"2024-11-05T22:39:36+00:00\",\"dateModified\":\"2024-11-05T22:53:14+00:00\",\"breadcrumb\":{\"@id\":\"https:\/\/www.ridemovi.com\/it\/sotto-i-18-anni\/#breadcrumb\"},\"inLanguage\":\"it-IT\",\"potentialAction\":[{\"@type\":\"ReadAction\",\"target\":[\"https:\/\/www.ridemovi.com\/it\/sotto-i-18-anni\/\"]}]},{\"@type\":\"BreadcrumbList\",\"@id\":\"https:\/\/www.ridemovi.com\/it\/sotto-i-18-anni\/#breadcrumb\",\"itemListElement\":[{\"@type\":\"ListItem\",\"position\":1,\"name\":\"Home\",\"item\":\"https:\/\/www.ridemovi.com\/it\/\"},{\"@type\":\"ListItem\",\"position\":2,\"name\":\"Sotto i 18 anni\"}]},{\"@type\":\"WebSite\",\"@id\":\"https:\/\/www.ridemovi.com\/#website\",\"url\":\"https:\/\/www.ridemovi.com\/\",\"name\":\"RideMovi\",\"description\":\"Moving Your Life with Micromobility\",\"potentialAction\":[{\"@type\":\"SearchAction\",\"target\":{\"@type\":\"EntryPoint\",\"urlTemplate\":\"https:\/\/www.ridemovi.com\/?s={search_term_string}\"},\"query-input\":{\"@type\":\"PropertyValueSpecification\",\"valueRequired\":true,\"valueName\":\"search_term_string\"}}],\"inLanguage\":\"it-IT\"}]}<\/script>\n<!-- \/ Yoast SEO plugin. -->","yoast_head_json":{"title":"Sotto i 18 anni - RideMovi","robots":{"index":"index","follow":"follow","max-snippet":"max-snippet:-1","max-image-preview":"max-image-preview:large","max-video-preview":"max-video-preview:-1"},"canonical":"https:\/\/www.ridemovi.com\/it\/sotto-i-18-anni\/","og_locale":"it_IT","og_type":"article","og_title":"Sotto i 18 anni - RideMovi","og_url":"https:\/\/www.ridemovi.com\/it\/sotto-i-18-anni\/","og_site_name":"RideMovi","article_modified_time":"2024-11-05T22:53:14+00:00","twitter_card":"summary_large_image","twitter_misc":{"Tempo di lettura stimato":"1 minuto"},"schema":{"@context":"https:\/\/schema.org","@graph":[{"@type":"WebPage","@id":"https:\/\/www.ridemovi.com\/it\/sotto-i-18-anni\/","url":"https:\/\/www.ridemovi.com\/it\/sotto-i-18-anni\/","name":"Sotto i 18 anni - RideMovi","isPartOf":{"@id":"https:\/\/www.ridemovi.com\/#website"},"datePublished":"2024-11-05T22:39:36+00:00","dateModified":"2024-11-05T22:53:14+00:00","breadcrumb":{"@id":"https:\/\/www.ridemovi.com\/it\/sotto-i-18-anni\/#breadcrumb"},"inLanguage":"it-IT","potentialAction":[{"@type":"ReadAction","target":["https:\/\/www.ridemovi.com\/it\/sotto-i-18-anni\/"]}]},{"@type":"BreadcrumbList","@id":"https:\/\/www.ridemovi.com\/it\/sotto-i-18-anni\/#breadcrumb","itemListElement":[{"@type":"ListItem","position":1,"name":"Home","item":"https:\/\/www.ridemovi.com\/it\/"},{"@type":"ListItem","position":2,"name":"Sotto i 18 anni"}]},{"@type":"WebSite","@id":"https:\/\/www.ridemovi.com\/#website","url":"https:\/\/www.ridemovi.com\/","name":"RideMovi","description":"Moving Your Life with Micromobility","potentialAction":[{"@type":"SearchAction","target":{"@type":"EntryPoint","urlTemplate":"https:\/\/www.ridemovi.com\/?s={search_term_string}"},"query-input":{"@type":"PropertyValueSpecification","valueRequired":true,"valueName":"search_term_string"}}],"inLanguage":"it-IT"}]}},"coauthors":[],"author_meta":{"author_link":"https:\/\/www.ridemovi.com\/it\/author\/obliquo-design\/","display_name":"Obliquo Design"},"relative_dates":{"created":"Pubblicato 1 anno fa","modified":"Aggiornato 1 anno fa"},"absolute_dates":{"created":"Pubblicato il Novembre 5, 2024","modified":"Aggiornato il Novembre 5, 2024"},"absolute_dates_time":{"created":"Pubblicato il Novembre 5, 2024 10:39 pm","modified":"Aggiornato il Novembre 5, 2024 10:53 pm"},"featured_img_caption":"","featured_img":false,"series_order":"","_links":{"self":[{"href":"https:\/\/www.ridemovi.com\/it\/wp-json\/wp\/v2\/pages\/17478","targetHints":{"allow":["GET"]}}],"collection":[{"href":"https:\/\/www.ridemovi.com\/it\/wp-json\/wp\/v2\/pages"}],"about":[{"href":"https:\/\/www.ridemovi.com\/it\/wp-json\/wp\/v2\/types\/page"}],"author":[{"embeddable":true,"href":"https:\/\/www.ridemovi.com\/it\/wp-json\/wp\/v2\/users\/1"}],"replies":[{"embeddable":true,"href":"https:\/\/www.ridemovi.com\/it\/wp-json\/wp\/v2\/comments?post=17478"}],"version-history":[{"count":0,"href":"https:\/\/www.ridemovi.com\/it\/wp-json\/wp\/v2\/pages\/17478\/revisions"}],"wp:attachment":[{"href":"https:\/\/www.ridemovi.com\/it\/wp-json\/wp\/v2\/media?parent=17478"}],"curies":[{"name":"wp","href":"https:\/\/api.w.org\/{rel}","templated":true}]}}