{"id":17435,"date":"2024-11-05T21:43:52","date_gmt":"2024-11-05T21:43:52","guid":{"rendered":"https:\/\/www.ridemovi.com\/?page_id=17435"},"modified":"2024-11-05T22:05:36","modified_gmt":"2024-11-05T22:05:36","slug":"viagem-em-grupo","status":"publish","type":"page","link":"https:\/\/www.ridemovi.com\/pt-pt\/viagem-em-grupo\/","title":{"rendered":"Viagem em Grupo"},"content":{"rendered":"[vc_row thb_full_width=&#8221;true&#8221; css=&#8221;.vc_custom_1671233475481{padding-top: 13vh !important;padding-bottom: 13vh !important;background: #ff4611 url(https:\/\/www.ridemovi.com\/wp-content\/uploads\/2022\/12\/header-bizmovi-3.jpg?id=7880) !important;background-position: center !important;background-repeat: no-repeat !important;background-size: cover !important;}&#8221; el_class=&#8221;align-center&#8221;][vc_column thb_color=&#8221;thb-light-column&#8221; animation=&#8221;animation bottom-to-top-3d&#8221; el_class=&#8221;text-center&#8221;][vc_row_inner el_class=&#8221;align-center&#8221;][vc_column_inner el_class=&#8221;text-center&#8221; offset=&#8221;vc_col-lg-8 vc_col-md-10&#8243;][vc_custom_heading text=&#8221;Viagem em Grupo&#8221; font_container=&#8221;tag:h1|text_align:center&#8221; use_theme_fonts=&#8221;yes&#8221; el_class=&#8221;title&#8221;][\/vc_column_inner][\/vc_row_inner][\/vc_column][\/vc_row][vc_row thb_full_width=&#8221;true&#8221; css=&#8221;.vc_custom_1671236212176{padding-top: 7vh !important;padding-bottom: 5vh !important;background-color: #000000 !important;}&#8221;][vc_column thb_color=&#8221;thb-light-column&#8221;][vc_tta_accordion style=&#8221;outline&#8221; color=&#8221;juicy-pink&#8221; c_icon=&#8221;&#8221; active_section=&#8221;33&#8243; no_fill=&#8221;true&#8221; collapsible_all=&#8221;true&#8221; el_class=&#8221;selezione-lingua&#8221;][vc_tta_section i_icon_fontawesome=&#8221;fa fa-angle-down&#8221; add_icon=&#8221;true&#8221; title=&#8221;Selecione o idioma&#8221; tab_id=&#8221;1671232039381-3b3d5fc7-4ca8bbf7-ecfc&#8221;]\t<div class=\"thb-page-menu-container\">\n\t\t<ul id=\"menu-pagina-group-ride\" class=\"thb-page-menu style2\"><li id=\"menu-item-17450\" class=\"menu-item menu-item-type-custom menu-item-object-custom menu-item-17450\"><a href=\"https:\/\/www.ridemovi.com\/group-ride\/\"><span>> English<\/span><i class=\"fa fa-angle-right\"><\/i><\/a><\/li>\n<li id=\"menu-item-17451\" class=\"menu-item menu-item-type-custom menu-item-object-custom menu-item-17451\"><a href=\"https:\/\/www.ridemovi.com\/it\/group-ride\/\"><span>> Italiano<\/span><i class=\"fa fa-angle-right\"><\/i><\/a><\/li>\n<li id=\"menu-item-17452\" class=\"menu-item menu-item-type-custom menu-item-object-custom menu-item-17452\"><a href=\"https:\/\/www.ridemovi.com\/es\/viajes-en-grupo\/\"><span>> Espa\u00f1ol<\/span><i class=\"fa fa-angle-right\"><\/i><\/a><\/li>\n<li id=\"menu-item-17453\" class=\"menu-item menu-item-type-custom menu-item-object-custom menu-item-17453\"><a href=\"https:\/\/www.ridemovi.com\/el\/\u03bf\u03bc\u03b1\u03b4\u03b9\u03ba\u03ae-\u03b4\u03b9\u03b1\u03b4\u03c1\u03bf\u03bc\u03ae\/\"><span>> \u0395\u03bb\u03bb\u03b7\u03bd\u03b9\u03ba\u03ac<\/span><i class=\"fa fa-angle-right\"><\/i><\/a><\/li>\n<li id=\"menu-item-17454\" class=\"menu-item menu-item-type-custom menu-item-object-custom menu-item-17454\"><a href=\"https:\/\/www.ridemovi.com\/pt-pt\/viagem-em-grupo\/\"><span>> Portugu\u00eas<\/span><i class=\"fa fa-angle-right\"><\/i><\/a><\/li>\n<li id=\"menu-item-17455\" class=\"menu-item menu-item-type-custom menu-item-object-custom menu-item-17455\"><a href=\"https:\/\/www.ridemovi.com\/sv\/gruppturer-gruppakning\/\"><span>> Svenska<\/span><i class=\"fa fa-angle-right\"><\/i><\/a><\/li>\n<li id=\"menu-item-17456\" class=\"menu-item menu-item-type-custom menu-item-object-custom menu-item-17456\"><a href=\"https:\/\/www.ridemovi.com\/fr\/trajet-en-group\/\"><span>> Fran\u00e7ais<\/span><i class=\"fa fa-angle-right\"><\/i><\/a><\/li>\n<li id=\"menu-item-17457\" class=\"menu-item menu-item-type-custom menu-item-object-custom menu-item-17457\"><a href=\"https:\/\/www.ridemovi.com\/de\/gruppenfahrt\/\"><span>> Deutsch<\/span><i class=\"fa fa-angle-right\"><\/i><\/a><\/li>\n<\/ul>\t<\/div>\n\t[\/vc_tta_section][\/vc_tta_accordion][\/vc_column][\/vc_row][vc_row][vc_column]<div class=\"templatera_shortcode\"><div class=\"row wpb_row row-fluid\"><div class=\"wpb_column columns medium-12 thb-dark-column small-12\"><div class=\"vc_column-inner   vc_custom_1671322905358\"><div class=\"wpb_wrapper\">\n\t<div class=\"wpb_text_column wpb_content_element  \" >\n\t\t<div class=\"wpb_wrapper\">\n\t\t\t<p style=\"font-weight: 400;\"><strong>Termos e Condi\u00e7\u00f5es - Viagem em Grupo<\/strong><\/p>\n<ol>\n<li style=\"font-weight: 400;\"><strong> Defini\u00e7\u00e3o e Finalidade do Servi\u00e7o<\/strong><\/li>\n<\/ol>\n<p style=\"font-weight: 400;\">O \"Group Ride\u201d ou \u201cViagem em Grupo\u201d permite que o titular da Conta desbloqueie v\u00e1rios Ve\u00edculos Ridemovi na mesma viagem atrav\u00e9s de uma s\u00f3 Conta. Esta funcionalidade \u00e9 projetada para facilitar viagens em grupo, permitindo que o utilizador desbloqueie e opere at\u00e9 um m\u00e1ximo de ve\u00edculos permitidos pela cidade em que o Servi\u00e7o \u00e9 utilizado, tal como previsto no artigo 3 (em baixo).<\/p>\n<ol start=\"2\">\n<li style=\"font-weight: 400;\"><strong> Tipo de Ve\u00edculos <\/strong>O \u201cGroup Ride\u201d ou \"Viagem em Grupo\" s\u00f3 pode ser realizado com Ve\u00edculos Ridemovi do mesmo tipo (por exemplo, apenas e-bikes ou apenas trotinetes el\u00e9ctricas).<\/li>\n<li style=\"font-weight: 400;\"><strong> N\u00famero de Participantes <\/strong>O n\u00famero m\u00e1ximo de Ve\u00edculos Ridemovi que podem ser desbloqueados durante um \u201cGroup Ride\u201d ou \"Viagem em Grupo\" \u00e9 definido pelas regras da cidade onde a viagem \u00e9 realizada. As regras est\u00e3o dispon\u00edveis na Aplica\u00e7\u00e3o RideMovi.<\/li>\n<li style=\"font-weight: 400;\"><strong> Limita\u00e7\u00f5es de uso e acesso ao passeio em grupo<\/strong>O utilizador que desbloqueie os demais ve\u00edculos no \u201cGroup Ride\u201d ou \u201cViagem em Grupo\u201d \u00e9 respons\u00e1vel pelos restantes utilizadores, incluindo verificar se estes t\u00eam a idade m\u00ednima necess\u00e1ria para utilizar o servi\u00e7o, de acordo com os Termos e Condi\u00e7\u00f5es da RideMovi. O utilizador deve ter uma Conta verificada e um m\u00e9todo de pagamento v\u00e1lido. O servi\u00e7o estar\u00e1 dispon\u00edvel apenas em algumas cidades e existir\u00e1 um bot\u00e3o dentro da Aplica\u00e7\u00e3o para ativar a \"Viagem em Grupo\".<\/li>\n<li style=\"font-weight: 400;\"><strong> Responsabilidades do Utilizador Principal <\/strong>O titular da Conta da funcionalidade \u201cGroup Ride\u201d ou \"Viagem em Grupo\" assume total responsabilidade por todos os Ve\u00edculos RideMovi e pelos seus respectivos utilizadores (convidados) desbloqueados durante a \"Viagem em Grupo\". Todos os custos relacionados \u00e0 viagem (incluindo custos dos convidados), quaisquer penalidades ou multas, ser\u00e3o cobrados diretamente da conta do utilizador principal. O utilizador que det\u00e9m a Conta com a qual a funcionalidade \"Viagem em Grupo\" \u00e9 utilizada assume a responsabilidade, tamb\u00e9m em nome de seus convidados, pelo cumprimento total dos Termos e Condi\u00e7\u00f5es da RideMovi.<\/li>\n<li style=\"font-weight: 400;\"><strong> Seguro e Responsabilidade Civil<\/strong>Se houver alguma reclama\u00e7\u00e3o ou acidente, o titular da conta da funcionlaidade \"Group Ride\" ou \u201cViagem em Grupo\u201d \u00e9 respons\u00e1vel pela sua viagem e pela dos seus convidados. Se o titular da conta da funcionalidade \"Viagem em Grupo\" tiver ativado o seguro, este cobrir\u00e1 apenas o utilizador principal e n\u00e3o os outros participantes.<\/li>\n<li style=\"font-weight: 400;\"><strong> Proibi\u00e7\u00e3o de uso indevido<\/strong>O titular da Conta da funcionalidade \"Group Ride\" ou \u201cViagem em Grupo\u201d e os seus convidados n\u00e3o podem utilizar os Ve\u00edculos Ridemovi para atividades ilegais ou em viola\u00e7\u00e3o das regras de tr\u00e2nsito. Comportamentos irrespons\u00e1veis que causem danos a ve\u00edculos, terceiros ou propriedade estar\u00e1 sujeito a san\u00e7\u00f5es de acordo com os Termos e Condi\u00e7\u00f5es Ridemovi.<\/li>\n<li style=\"font-weight: 400;\"><strong> Modo de desbloqueio<\/strong><\/li>\n<\/ol>\n<p style=\"font-weight: 400;\">Assim que o Ve\u00edculo Ridemovi do titular da Conta da funcionalidade \"Viagem em Grupo\" tenha sido desbloqueado, Ve\u00edculos Ridemovi adicionais podem ser adicionados \u00e0 \"Viagem em Grupo\" atrav\u00e9s da leitura do c\u00f3digo QR do Ve\u00edculo Ridemovi ou inserindo manualmente o c\u00f3digo. Se for feita uma tentativa de desbloquear um Ve\u00edculo Ridemovi que n\u00e3o seja permitido para a \"Viagem em Grupo\", o sistema exibir\u00e1 um erro e impedir\u00e1 que o ve\u00edculo seja desbloqueado.<\/p>\n<ol start=\"9\">\n<li style=\"font-weight: 400;\"><strong> Proximidade e Rota de Viagem <\/strong>Todos os Ve\u00edculos Ridemovi dentro da \"Viagem em Grupo\" devem viajar pr\u00f3ximos uns dos outros. O titular da Conta da funcionalidade \"Viagem em Grupo\" e os convidados devem seguir a mesma rota, e n\u00e3o \u00e9 permitido desviar separadamente com ve\u00edculos diferentes.<\/li>\n<li style=\"font-weight: 400;\"><strong> Estacionamento Tempor\u00e1rio e Encerramento de Viagem <\/strong>O titular da Conta da funcionlaidade \"Viagem em Grupo\" pode estacionar temporariamente cada Ve\u00edculo Ridemovi e encerrar individualmente a viagem de cada ve\u00edculo de acordo com as regras nos Termos e Condi\u00e7\u00f5es da RideMovi e nos locais destinados ao efeito que est\u00e3o exibidos no mapa da Aplica\u00e7\u00e3o. Apenas no final da viagem de todos os Ve\u00edculos RideMovi da \u201cViagem em Grupo\u201d, a funcionalidade \"Viagem em Grupo\" ser\u00e1 oficialmente encerrada, e os custos relacionados ser\u00e3o calculados.<\/li>\n<li style=\"font-weight: 400;\"><strong> Custos e Encargos<\/strong><\/li>\n<\/ol>\n<p style=\"font-weight: 400;\">Os custos para a \"Viagem em Grupo\" ser\u00e3o cobrados ao titular da Conta da funcionalidade \"Viagem em Grupo\" e incluir\u00e3o os custos individuais para cada Ve\u00edculo Ridemovi desbloqueado e utilizado. Ap\u00f3s a conclus\u00e3o de todas as viagens, o custo total ser\u00e1 calculado e exibido na sec\u00e7\u00e3o \"My Rides\" da Aplica\u00e7\u00e3o. Os custos das viagens ser\u00e3o calculados de acordo com as regras indicadas na Aplica\u00e7\u00e3o, al\u00e9m das regras relacionadas com os Termos e Condi\u00e7\u00f5es do servi\u00e7o RideMovi Standard.<\/p>\n<ol start=\"12\">\n<li style=\"font-weight: 400;\"><strong> Interrup\u00e7\u00f5es ou mau funcionamento do servi\u00e7o <\/strong>A RideMovi n\u00e3o \u00e9 respons\u00e1vel por quaisquer danos resultantes de mau funcionamento, como a incapacidade de desbloquear um ve\u00edculo RideMovi ou a interrup\u00e7\u00e3o do servi\u00e7o. Os utilizadores devem reportar os problemas na Aplica\u00e7\u00e3o atrav\u00e9s do menu para o efeito ou entrando em contato com o servi\u00e7o de atendimento ao cliente.<\/li>\n<li style=\"font-weight: 400;\"><strong> Altera\u00e7\u00f5es no servi\u00e7o de transporte em grupo<\/strong><\/li>\n<\/ol>\n<p style=\"font-weight: 400;\">A Ridemovi reserva-se ao direito de modificar, suspender ou descontinuar a funcionalidade da \"Viagem em Grupo\" a qualquer momento, mediante aviso pr\u00e9vio aos utilizadores<\/p>\n<ol start=\"14\">\n<li style=\"font-weight: 400;\"><strong> Conformidade com as leis locais<\/strong><\/li>\n<\/ol>\n<p style=\"font-weight: 400;\">A utiliza\u00e7\u00e3o da \u201cViagem em Grupo\" deve estar em conformidade com as regulamenta\u00e7\u00f5es rodovi\u00e1rias e locais atuais, incluindo quaisquer restri\u00e7\u00f5es de estacionamento, proibi\u00e7\u00f5es de utiliza\u00e7\u00e3o em determinadas \u00e1reas ou regras de seguran\u00e7a espec\u00edficas para os Ve\u00edculos RideMovi utilizados.<\/p>\n<ol start=\"15\">\n<li style=\"font-weight: 400;\"><strong> Prazos e datas limite de utliza\u00e7\u00e3o<\/strong><\/li>\n<\/ol>\n<p style=\"font-weight: 400;\">A dura\u00e7\u00e3o m\u00e1xima para aluguer m\u00faltiplo de ve\u00edculos segue as restri\u00e7\u00f5es estabelecidas nos Termos e Condi\u00e7\u00f5es da RideMovi. Quaisquer custos extras ser\u00e3o aplicados caso os limites de tempo permitidos sejam excedidos.<\/p>\n<ol start=\"16\">\n<li style=\"font-weight: 400;\"><strong> Uso de passes e promo\u00e7\u00f5es<\/strong><\/li>\n<\/ol>\n<p style=\"font-weight: 400;\">As promo\u00e7\u00f5es v\u00e1lidas para a \"Viagem em Grupo\" incluem: Passes (descontos de minutos dispon\u00edveis) e Cup\u00e3o (desconto do valor do cup\u00e3o numa viagem).<\/p>\n<ol start=\"17\">\n<li style=\"font-weight: 400;\"><strong> Reclama\u00e7\u00f5es e Relat\u00f3rios<\/strong><\/li>\n<\/ol>\n<p style=\"font-weight: 400;\">O titular da Conta da funcionalidade \u201cViagem em Grupo\u201d poder\u00e1 visualizar o relat\u00f3rio \u201cViagem em Grupo\u201d na sec\u00e7\u00e3o \u201cAs Minhas Viagens\u201d, onde ter\u00e1 a possibilidade de efetuar reclama\u00e7\u00f5es ou reportar avarias.<\/p>\n\n\t\t<\/div>\n\t<\/div>\n<\/div><\/div><\/div><\/div><\/div>[\/vc_column][\/vc_row]","protected":false},"excerpt":{"rendered":"Viagem em GrupoSelecione o idioma > English > Italiano > Espa\u00f1ol > \u0395\u03bb\u03bb\u03b7\u03bd\u03b9\u03ba\u03ac > Portugu\u00eas > Svenska > Fran\u00e7ais > Deutsch Termos e Condi\u00e7\u00f5es - Viagem em Grupo Defini\u00e7\u00e3o e Finalidade do Servi\u00e7o O \"Group Ride\u201d ou \u201cViagem em Grupo\u201d permite que o titular da Conta desbloqueie v\u00e1rios Ve\u00edculos Ridemovi na mesma viagem atrav\u00e9s de&hellip;","protected":false},"author":1,"featured_media":0,"parent":0,"menu_order":70,"comment_status":"closed","ping_status":"closed","template":"","meta":{"_acf_changed":false,"advgb_blocks_editor_width":"","advgb_blocks_columns_visual_guide":"","footnotes":""},"class_list":["post-17435","page","type-page","status-publish","hentry"],"acf":[],"yoast_head":"<!-- This site is optimized with the Yoast SEO plugin v24.2 - https:\/\/yoast.com\/wordpress\/plugins\/seo\/ -->\n<title>Viagem em Grupo - RideMovi<\/title>\n<meta name=\"robots\" content=\"index, follow, max-snippet:-1, max-image-preview:large, max-video-preview:-1\" \/>\n<link rel=\"canonical\" href=\"https:\/\/www.ridemovi.com\/pt-pt\/viagem-em-grupo\/\" \/>\n<meta property=\"og:locale\" content=\"pt_PT\" \/>\n<meta property=\"og:type\" content=\"article\" \/>\n<meta property=\"og:title\" content=\"Viagem em Grupo - RideMovi\" \/>\n<meta property=\"og:url\" content=\"https:\/\/www.ridemovi.com\/pt-pt\/viagem-em-grupo\/\" \/>\n<meta property=\"og:site_name\" content=\"RideMovi\" \/>\n<meta property=\"article:modified_time\" content=\"2024-11-05T22:05:36+00:00\" \/>\n<meta name=\"twitter:card\" content=\"summary_large_image\" \/>\n<meta name=\"twitter:label1\" content=\"Tempo estimado de leitura\" \/>\n\t<meta name=\"twitter:data1\" content=\"1 minuto\" \/>\n<script type=\"application\/ld+json\" class=\"yoast-schema-graph\">{\"@context\":\"https:\/\/schema.org\",\"@graph\":[{\"@type\":\"WebPage\",\"@id\":\"https:\/\/www.ridemovi.com\/pt-pt\/viagem-em-grupo\/\",\"url\":\"https:\/\/www.ridemovi.com\/pt-pt\/viagem-em-grupo\/\",\"name\":\"Viagem em Grupo - RideMovi\",\"isPartOf\":{\"@id\":\"https:\/\/www.ridemovi.com\/#website\"},\"datePublished\":\"2024-11-05T21:43:52+00:00\",\"dateModified\":\"2024-11-05T22:05:36+00:00\",\"breadcrumb\":{\"@id\":\"https:\/\/www.ridemovi.com\/pt-pt\/viagem-em-grupo\/#breadcrumb\"},\"inLanguage\":\"pt-PT\",\"potentialAction\":[{\"@type\":\"ReadAction\",\"target\":[\"https:\/\/www.ridemovi.com\/pt-pt\/viagem-em-grupo\/\"]}]},{\"@type\":\"BreadcrumbList\",\"@id\":\"https:\/\/www.ridemovi.com\/pt-pt\/viagem-em-grupo\/#breadcrumb\",\"itemListElement\":[{\"@type\":\"ListItem\",\"position\":1,\"name\":\"Home\",\"item\":\"https:\/\/www.ridemovi.com\/\"},{\"@type\":\"ListItem\",\"position\":2,\"name\":\"Viagem em Grupo\"}]},{\"@type\":\"WebSite\",\"@id\":\"https:\/\/www.ridemovi.com\/#website\",\"url\":\"https:\/\/www.ridemovi.com\/\",\"name\":\"RideMovi\",\"description\":\"Moving Your Life with Micromobility\",\"potentialAction\":[{\"@type\":\"SearchAction\",\"target\":{\"@type\":\"EntryPoint\",\"urlTemplate\":\"https:\/\/www.ridemovi.com\/?s={search_term_string}\"},\"query-input\":{\"@type\":\"PropertyValueSpecification\",\"valueRequired\":true,\"valueName\":\"search_term_string\"}}],\"inLanguage\":\"pt-PT\"}]}<\/script>\n<!-- \/ Yoast SEO plugin. -->","yoast_head_json":{"title":"Viagem em Grupo - RideMovi","robots":{"index":"index","follow":"follow","max-snippet":"max-snippet:-1","max-image-preview":"max-image-preview:large","max-video-preview":"max-video-preview:-1"},"canonical":"https:\/\/www.ridemovi.com\/pt-pt\/viagem-em-grupo\/","og_locale":"pt_PT","og_type":"article","og_title":"Viagem em Grupo - RideMovi","og_url":"https:\/\/www.ridemovi.com\/pt-pt\/viagem-em-grupo\/","og_site_name":"RideMovi","article_modified_time":"2024-11-05T22:05:36+00:00","twitter_card":"summary_large_image","twitter_misc":{"Tempo estimado de leitura":"1 minuto"},"schema":{"@context":"https:\/\/schema.org","@graph":[{"@type":"WebPage","@id":"https:\/\/www.ridemovi.com\/pt-pt\/viagem-em-grupo\/","url":"https:\/\/www.ridemovi.com\/pt-pt\/viagem-em-grupo\/","name":"Viagem em Grupo - RideMovi","isPartOf":{"@id":"https:\/\/www.ridemovi.com\/#website"},"datePublished":"2024-11-05T21:43:52+00:00","dateModified":"2024-11-05T22:05:36+00:00","breadcrumb":{"@id":"https:\/\/www.ridemovi.com\/pt-pt\/viagem-em-grupo\/#breadcrumb"},"inLanguage":"pt-PT","potentialAction":[{"@type":"ReadAction","target":["https:\/\/www.ridemovi.com\/pt-pt\/viagem-em-grupo\/"]}]},{"@type":"BreadcrumbList","@id":"https:\/\/www.ridemovi.com\/pt-pt\/viagem-em-grupo\/#breadcrumb","itemListElement":[{"@type":"ListItem","position":1,"name":"Home","item":"https:\/\/www.ridemovi.com\/"},{"@type":"ListItem","position":2,"name":"Viagem em Grupo"}]},{"@type":"WebSite","@id":"https:\/\/www.ridemovi.com\/#website","url":"https:\/\/www.ridemovi.com\/","name":"RideMovi","description":"Moving Your Life with Micromobility","potentialAction":[{"@type":"SearchAction","target":{"@type":"EntryPoint","urlTemplate":"https:\/\/www.ridemovi.com\/?s={search_term_string}"},"query-input":{"@type":"PropertyValueSpecification","valueRequired":true,"valueName":"search_term_string"}}],"inLanguage":"pt-PT"}]}},"coauthors":[],"author_meta":{"author_link":"https:\/\/www.ridemovi.com\/pt-pt\/author\/obliquo-design\/","display_name":"Obliquo Design"},"relative_dates":{"created":"Posted 1 ano ago","modified":"Updated 1 ano ago"},"absolute_dates":{"created":"Posted on Novembro 5, 2024","modified":"Updated on Novembro 5, 2024"},"absolute_dates_time":{"created":"Posted on Novembro 5, 2024 9:43 pm","modified":"Updated on Novembro 5, 2024 10:05 pm"},"featured_img_caption":"","featured_img":false,"series_order":"","_links":{"self":[{"href":"https:\/\/www.ridemovi.com\/pt-pt\/wp-json\/wp\/v2\/pages\/17435","targetHints":{"allow":["GET"]}}],"collection":[{"href":"https:\/\/www.ridemovi.com\/pt-pt\/wp-json\/wp\/v2\/pages"}],"about":[{"href":"https:\/\/www.ridemovi.com\/pt-pt\/wp-json\/wp\/v2\/types\/page"}],"author":[{"embeddable":true,"href":"https:\/\/www.ridemovi.com\/pt-pt\/wp-json\/wp\/v2\/users\/1"}],"replies":[{"embeddable":true,"href":"https:\/\/www.ridemovi.com\/pt-pt\/wp-json\/wp\/v2\/comments?post=17435"}],"version-history":[{"count":0,"href":"https:\/\/www.ridemovi.com\/pt-pt\/wp-json\/wp\/v2\/pages\/17435\/revisions"}],"wp:attachment":[{"href":"https:\/\/www.ridemovi.com\/pt-pt\/wp-json\/wp\/v2\/media?parent=17435"}],"curies":[{"name":"wp","href":"https:\/\/api.w.org\/{rel}","templated":true}]}}