{"id":17436,"date":"2024-11-05T21:42:29","date_gmt":"2024-11-05T21:42:29","guid":{"rendered":"https:\/\/www.ridemovi.com\/?page_id=17436"},"modified":"2024-11-05T21:42:29","modified_gmt":"2024-11-05T21:42:29","slug":"gruppturer-gruppakning","status":"publish","type":"page","link":"https:\/\/www.ridemovi.com\/sv\/gruppturer-gruppakning\/","title":{"rendered":"Gruppturer\/Grupp\u00e5kning"},"content":{"rendered":"[vc_row thb_full_width=&#8221;true&#8221; css=&#8221;.vc_custom_1671233475481{padding-top: 13vh !important;padding-bottom: 13vh !important;background: #ff4611 url(https:\/\/www.ridemovi.com\/wp-content\/uploads\/2022\/12\/header-bizmovi-3.jpg?id=7880) !important;background-position: center !important;background-repeat: no-repeat !important;background-size: cover !important;}&#8221; el_class=&#8221;align-center&#8221;][vc_column thb_color=&#8221;thb-light-column&#8221; animation=&#8221;animation bottom-to-top-3d&#8221; el_class=&#8221;text-center&#8221;][vc_row_inner el_class=&#8221;align-center&#8221;][vc_column_inner el_class=&#8221;text-center&#8221; offset=&#8221;vc_col-lg-8 vc_col-md-10&#8243;][vc_custom_heading text=&#8221;Gruppturer\/Grupp\u00e5kning&#8221; font_container=&#8221;tag:h1|text_align:center&#8221; use_theme_fonts=&#8221;yes&#8221; el_class=&#8221;title&#8221;][\/vc_column_inner][\/vc_row_inner][\/vc_column][\/vc_row][vc_row thb_full_width=&#8221;true&#8221; css=&#8221;.vc_custom_1671236212176{padding-top: 7vh !important;padding-bottom: 5vh !important;background-color: #000000 !important;}&#8221;][vc_column thb_color=&#8221;thb-light-column&#8221;][vc_tta_accordion style=&#8221;outline&#8221; color=&#8221;juicy-pink&#8221; c_icon=&#8221;&#8221; active_section=&#8221;33&#8243; no_fill=&#8221;true&#8221; collapsible_all=&#8221;true&#8221; el_class=&#8221;selezione-lingua&#8221;][vc_tta_section i_icon_fontawesome=&#8221;fa fa-angle-down&#8221; add_icon=&#8221;true&#8221; title=&#8221;V\u00e4lj spr\u00e5k&#8221; tab_id=&#8221;1671232039381-3b3d5fc7-4ca8bbf7-ecfc&#8221;]\t<div class=\"thb-page-menu-container\">\n\t\t<ul id=\"menu-pagina-group-ride\" class=\"thb-page-menu style2\"><li id=\"menu-item-17450\" class=\"menu-item menu-item-type-custom menu-item-object-custom menu-item-17450\"><a href=\"https:\/\/www.ridemovi.com\/group-ride\/\"><span>> English<\/span><i class=\"fa fa-angle-right\"><\/i><\/a><\/li>\n<li id=\"menu-item-17451\" class=\"menu-item menu-item-type-custom menu-item-object-custom menu-item-17451\"><a href=\"https:\/\/www.ridemovi.com\/it\/group-ride\/\"><span>> Italiano<\/span><i class=\"fa fa-angle-right\"><\/i><\/a><\/li>\n<li id=\"menu-item-17452\" class=\"menu-item menu-item-type-custom menu-item-object-custom menu-item-17452\"><a href=\"https:\/\/www.ridemovi.com\/es\/viajes-en-grupo\/\"><span>> Espa\u00f1ol<\/span><i class=\"fa fa-angle-right\"><\/i><\/a><\/li>\n<li id=\"menu-item-17453\" class=\"menu-item menu-item-type-custom menu-item-object-custom menu-item-17453\"><a href=\"https:\/\/www.ridemovi.com\/el\/\u03bf\u03bc\u03b1\u03b4\u03b9\u03ba\u03ae-\u03b4\u03b9\u03b1\u03b4\u03c1\u03bf\u03bc\u03ae\/\"><span>> \u0395\u03bb\u03bb\u03b7\u03bd\u03b9\u03ba\u03ac<\/span><i class=\"fa fa-angle-right\"><\/i><\/a><\/li>\n<li id=\"menu-item-17454\" class=\"menu-item menu-item-type-custom menu-item-object-custom menu-item-17454\"><a href=\"https:\/\/www.ridemovi.com\/pt-pt\/viagem-em-grupo\/\"><span>> Portugu\u00eas<\/span><i class=\"fa fa-angle-right\"><\/i><\/a><\/li>\n<li id=\"menu-item-17455\" class=\"menu-item menu-item-type-custom menu-item-object-custom menu-item-17455\"><a href=\"https:\/\/www.ridemovi.com\/sv\/gruppturer-gruppakning\/\"><span>> Svenska<\/span><i class=\"fa fa-angle-right\"><\/i><\/a><\/li>\n<li id=\"menu-item-17456\" class=\"menu-item menu-item-type-custom menu-item-object-custom menu-item-17456\"><a href=\"https:\/\/www.ridemovi.com\/fr\/trajet-en-group\/\"><span>> Fran\u00e7ais<\/span><i class=\"fa fa-angle-right\"><\/i><\/a><\/li>\n<li id=\"menu-item-17457\" class=\"menu-item menu-item-type-custom menu-item-object-custom menu-item-17457\"><a href=\"https:\/\/www.ridemovi.com\/de\/gruppenfahrt\/\"><span>> Deutsch<\/span><i class=\"fa fa-angle-right\"><\/i><\/a><\/li>\n<\/ul>\t<\/div>\n\t[\/vc_tta_section][\/vc_tta_accordion][\/vc_column][\/vc_row][vc_row][vc_column]<div class=\"templatera_shortcode\"><div class=\"row wpb_row row-fluid\"><div class=\"wpb_column columns medium-12 thb-dark-column small-12\"><div class=\"vc_column-inner   vc_custom_1671322905358\"><div class=\"wpb_wrapper\">\n\t<div class=\"wpb_text_column wpb_content_element  \" >\n\t\t<div class=\"wpb_wrapper\">\n\t\t\t<p style=\"font-weight: 400;\"><strong>Regler och villkor \u2013 Gruppturer\/Grupp\u00e5kning<\/strong><\/p>\n<ol>\n<li style=\"font-weight: 400;\"><strong> Definition och syfte med tj\u00e4nsten<\/strong><\/li>\n<\/ol>\n<p style=\"font-weight: 400;\">\"Gruppturer\" till\u00e5ter kontoinnehavaren att l\u00e5sa upp flera Ridemovi-fordon p\u00e5 samma resa via ett enda konto. Denna funktion \u00e4r utformad f\u00f6r att underl\u00e4tta f\u00f6r grupper att resa tillsammans, vilket g\u00f6r att anv\u00e4ndaren kan l\u00e5sa upp och hantera upp till ett maximum av fordon som \u00e4r till\u00e5tna av den stad d\u00e4r tj\u00e4nsten anv\u00e4nds. Detta f\u00f6reskrivs i punkt 3 nedan.<\/p>\n<ol start=\"2\">\n<li style=\"font-weight: 400;\"><strong> Typ av fordon <\/strong>En \u201cGrupptur\" kan endast g\u00f6ras med Ridemovi-fordon av liknande typ, till exempel bara elcyklar eller endast elsparkcyklar (ej mixade fordonstyper).<\/li>\n<li style=\"font-weight: 400;\"><strong> Antal deltagare <\/strong><br \/>\nDet maximala antalet Ridemovi-fordon som kan l\u00e5sas upp under en \"grupptur\" best\u00e4ms av reglerna f\u00f6r den stad d\u00e4r resan \u00e4ger rum. Dessa regler kommer att vara synliga i RideMovi applikationen.<\/li>\n<li style=\"font-weight: 400;\"><strong> Begr\u00e4nsningar f\u00f6r anv\u00e4ndning och tillg\u00e5ng till gruppresan<\/strong>Du \u00e4r ansvarig f\u00f6r dina g\u00e4ster, inklusive att verifiera att samtliga \u00e4r inom den \u00e5ldersgrupp som kr\u00e4vs f\u00f6r att anv\u00e4nda tj\u00e4nsten, enligt Ridemovis villkor f\u00f6r staden. Du m\u00e5ste ha ett verifierat konto och en giltig betalningsmetod. Tj\u00e4nsten kommer endast att vara tillg\u00e4nglig i vissa st\u00e4der och kommer att indikeras av n\u00e4rvaron av knappen f\u00f6r att aktivera \"Gruppturen\" i applikationen.<\/li>\n<li style=\"font-weight: 400;\"><strong> Den prim\u00e4ra anv\u00e4ndarens ansvar <\/strong>Kontoinnehavaren f\u00f6r \"Grupp\u00e5knings-funktionen\u201d tar det fulla ansvaret f\u00f6r alla Ridemovi-fordon och deras respektive anv\u00e4ndare (g\u00e4ster) som l\u00e5sts upp under \"Gruppturen\". Alla reserelaterade kostnader (inklusive g\u00e4stkostnader), eventuella straffavgifter eller b\u00f6ter, kommer att debiteras direkt p\u00e5 den prim\u00e4ra anv\u00e4ndarens konto. Anv\u00e4ndaren som innehar det konto som funktionen \"Gruppturen\" anv\u00e4nds med tar ansvar \u00e4ven f\u00f6r sina g\u00e4sters r\u00e4kning, f\u00f6r att Ridemovis villkor uppfylls, inklusive alla resevillkor.<\/li>\n<li style=\"font-weight: 400;\"><strong> F\u00f6rs\u00e4kring och civilr\u00e4ttsligt ansvar<\/strong>Om det finns n\u00e5gra anspr\u00e5k eller olyckor \u00e4r kontoinnehavaren av \"Grupp\u00e5knings- funktionen \" ansvarig f\u00f6r sin resa och sina g\u00e4sters. Om kontoinnehavaren av \u201cGrupp-funktionen\u201d har aktiverat en f\u00f6rs\u00e4kring i samband med resan, t\u00e4cker detta endast honom och inte de andra deltagarna.<\/li>\n<li style=\"font-weight: 400;\"><strong> F\u00f6rbud mot felaktig anv\u00e4ndning<\/strong>Kontoinnehavaren f\u00f6r funktionen \"Grupptur\/Grupp\u00e5kning\u201d\" och hans g\u00e4ster kan inte anv\u00e4nda Ridemovi-fordonen f\u00f6r illegala aktiviteter eller i strid med trafikreglerna. Oansvarigt beteende som orsakar skador p\u00e5 fordon, tredje part eller egendom kommer att bli f\u00f6rem\u00e5l f\u00f6r sanktioner enligt Ridemovis allm\u00e4nna villkor.<\/li>\n<li style=\"font-weight: 400;\"><strong> Uppl\u00e5sningsl\u00e4ge<\/strong><\/li>\n<\/ol>\n<p style=\"font-weight: 400;\">N\u00e4r Ridemovi-fordonet f\u00f6r kontoinnehavaren av \"Grupptur-funktionen\u201d har l\u00e5sts upp, kan ytterligare Ridemovi-fordon l\u00e4ggas till \"Gruppturen\" genom att skanna QR-koden f\u00f6r Ridemovi-fordonet eller genom att manuellt mata in den av koden. Om ett f\u00f6rs\u00f6k g\u00f6rs att l\u00e5sa upp ett Ridemovi-fordon som inte \u00e4r till\u00e5tet f\u00f6r \"Gruppturen\", kommer systemet att generera ett fel och f\u00f6rhindra att det l\u00e5s upp.<\/p>\n<ol start=\"9\">\n<li style=\"font-weight: 400;\"><strong> N\u00e4rhet och resv\u00e4g <\/strong>Alla Ridemovi-fordon inom \"Gruppturen\" m\u00e5ste f\u00e4rdas i n\u00e4rheten av varandra. Kontoinnehavaren av funktionen \"Grupptur\" och g\u00e4sterna m\u00e5ste f\u00f6lja samma rutt och det \u00e4r inte till\u00e5tet att avvika separat med olika fordon.<\/li>\n<li style=\"font-weight: 400;\"><strong> Tillf\u00e4llig parkering och st\u00e4ngning av k\u00f6rning <\/strong>Kontoinnehavaren f\u00f6r funktionen \"Grupptur\" kan g\u00f6ra tillf\u00e4llig parkering f\u00f6r varje Ridemovi-fordon och individuellt avsluta resan f\u00f6r varje fordon enligt standardfl\u00f6det och lokala regler som fastst\u00e4llts i Ridemovis allm\u00e4nna villkor. F\u00f6rst i slutet av \u00e5kturen f\u00f6r alla Ridemovi-fordon kommer funktionen Grupp\u00e5kning (<em>Group Ride<\/em>) att st\u00e4ngas officiellt och de relaterade kostnaderna kommer att ber\u00e4knas.<\/li>\n<li style=\"font-weight: 400;\"><strong> Kostnader och avgifter<\/strong><\/li>\n<\/ol>\n<p style=\"font-weight: 400;\">Kostnaderna f\u00f6r \"Gruppturen\" kommer att debiteras kontoinnehavaren f\u00f6r \"Grupp\u00e5knings-funktionen\u201d och kommer att inkludera de individuella kostnaderna f\u00f6r varje Ridemovi-fordon som \u00e4r uppl\u00e5st och anv\u00e4nd inom gruppen. N\u00e4r alla turer \u00e4r klara kommer den totala kostnaden att ber\u00e4knas och visas i avsnittet \"Mina turer\" i applikationen. Kostnaderna f\u00f6r resor kommer att f\u00f6lja reglerna som anges p\u00e5 applikationen, ut\u00f6ver reglerna som h\u00e4nf\u00f6r sig till villkoren f\u00f6r RideMovi standard-tj\u00e4nsten.<\/p>\n<ol start=\"12\">\n<li style=\"font-weight: 400;\"><strong> Avbrott eller funktionsfel i tj\u00e4nsten <\/strong>RideMovi ansvarar inte f\u00f6r n\u00e5gra skador som uppst\u00e5r p\u00e5 grund av funktionsfel, s\u00e5som of\u00f6rm\u00e5ga att l\u00e5sa upp ett Ridemovi-fordon eller ett avbrott i tj\u00e4nsten. Anv\u00e4ndare kan fortfarande rapportera problem via den dedikerade sektionen eller genom att kontakta kundtj\u00e4nst.<\/li>\n<li style=\"font-weight: 400;\"><strong> \u00c4ndringar av Gruppresan<\/strong><\/li>\n<\/ol>\n<p style=\"font-weight: 400;\">Ridemovi f\u00f6rbeh\u00e5ller sig r\u00e4tten att n\u00e4r som helst modifiera, avbryta eller avbryta funktionaliteten f\u00f6r \"Gruppturen\" efter f\u00f6reg\u00e5ende meddelande till anv\u00e4ndarna.<\/p>\n<ol start=\"14\">\n<li style=\"font-weight: 400;\"><strong> Efterlevnad av lokala lagar<\/strong><\/li>\n<\/ol>\n<p style=\"font-weight: 400;\">Anv\u00e4ndningen av \"Grupp\u00e5kning\" m\u00e5ste f\u00f6lja g\u00e4llande v\u00e4g- och lokala best\u00e4mmelser, inklusive eventuella parkeringsrestriktioner, f\u00f6rbud mot att k\u00f6ra i vissa omr\u00e5den eller specifika s\u00e4kerhetsregler f\u00f6r de Ridemovi-fordon som anv\u00e4nds.<\/p>\n<ol start=\"15\">\n<li style=\"font-weight: 400;\"><strong> Uthyrningstider och deadlines<\/strong><\/li>\n<\/ol>\n<p style=\"font-weight: 400;\">Den maximala varaktigheten f\u00f6r flera uthyrningar f\u00f6ljer de begr\u00e4nsningar som fastst\u00e4llts i RideMovi-villkoren. Eventuella extra avgifter tillkommer om de till\u00e5tna tidsgr\u00e4nserna \u00f6verskrids.<\/p>\n<ol start=\"16\">\n<li style=\"font-weight: 400;\"><strong> Anv\u00e4ndning av pass och kampanjer<\/strong><\/li>\n<\/ol>\n<p style=\"font-weight: 400;\">Kampanjer som g\u00e4ller f\u00f6r \"Gruppturen\" inkluderar: Time Pass (avdrag f\u00f6r tillg\u00e4ngliga minuter) och Kupong (avdrag f\u00f6r kupongens v\u00e4rde p\u00e5 en resa).<\/p>\n<ol start=\"17\">\n<li style=\"font-weight: 400;\"><strong> Klagom\u00e5l och rapporter<\/strong><\/li>\n<\/ol>\n<p style=\"font-weight: 400;\">Kontoinnehavaren av funktionen \"Grupptur\" kommer att kunna se rapporten \"Grupp\u00e5kning\" i avsnittet \"Mina resor\", d\u00e4r han\/hon har m\u00f6jlighet att g\u00f6ra klagom\u00e5l eller en felanm\u00e4lan.<\/p>\n\n\t\t<\/div>\n\t<\/div>\n<\/div><\/div><\/div><\/div><\/div>[\/vc_column][\/vc_row]","protected":false},"excerpt":{"rendered":"Gruppturer\/Grupp\u00e5kningV\u00e4lj spr\u00e5k > English > Italiano > Espa\u00f1ol > \u0395\u03bb\u03bb\u03b7\u03bd\u03b9\u03ba\u03ac > Portugu\u00eas > Svenska > Fran\u00e7ais > Deutsch Regler och villkor \u2013 Gruppturer\/Grupp\u00e5kning Definition och syfte med tj\u00e4nsten \"Gruppturer\" till\u00e5ter kontoinnehavaren att l\u00e5sa upp flera Ridemovi-fordon p\u00e5 samma resa via ett enda konto. Denna funktion \u00e4r utformad f\u00f6r att underl\u00e4tta f\u00f6r grupper att resa tillsammans,&hellip;","protected":false},"author":1,"featured_media":0,"parent":0,"menu_order":70,"comment_status":"closed","ping_status":"closed","template":"","meta":{"_acf_changed":false,"advgb_blocks_editor_width":"","advgb_blocks_columns_visual_guide":"","footnotes":""},"class_list":["post-17436","page","type-page","status-publish","hentry"],"acf":[],"yoast_head":"<!-- This site is optimized with the Yoast SEO plugin v24.2 - https:\/\/yoast.com\/wordpress\/plugins\/seo\/ -->\n<title>Gruppturer\/Grupp\u00e5kning - RideMovi<\/title>\n<meta name=\"robots\" content=\"index, follow, max-snippet:-1, max-image-preview:large, max-video-preview:-1\" \/>\n<link rel=\"canonical\" href=\"https:\/\/www.ridemovi.com\/sv\/gruppturer-gruppakning\/\" \/>\n<meta property=\"og:locale\" content=\"sv_SE\" \/>\n<meta property=\"og:type\" content=\"article\" \/>\n<meta property=\"og:title\" content=\"Gruppturer\/Grupp\u00e5kning - RideMovi\" \/>\n<meta property=\"og:url\" content=\"https:\/\/www.ridemovi.com\/sv\/gruppturer-gruppakning\/\" \/>\n<meta property=\"og:site_name\" content=\"RideMovi\" \/>\n<meta name=\"twitter:card\" content=\"summary_large_image\" \/>\n<meta name=\"twitter:label1\" content=\"Ber\u00e4knad l\u00e4stid\" \/>\n\t<meta name=\"twitter:data1\" content=\"1 minut\" \/>\n<script type=\"application\/ld+json\" class=\"yoast-schema-graph\">{\"@context\":\"https:\/\/schema.org\",\"@graph\":[{\"@type\":\"WebPage\",\"@id\":\"https:\/\/www.ridemovi.com\/sv\/gruppturer-gruppakning\/\",\"url\":\"https:\/\/www.ridemovi.com\/sv\/gruppturer-gruppakning\/\",\"name\":\"Gruppturer\/Grupp\u00e5kning - RideMovi\",\"isPartOf\":{\"@id\":\"https:\/\/www.ridemovi.com\/#website\"},\"datePublished\":\"2024-11-05T21:42:29+00:00\",\"dateModified\":\"2024-11-05T21:42:29+00:00\",\"breadcrumb\":{\"@id\":\"https:\/\/www.ridemovi.com\/sv\/gruppturer-gruppakning\/#breadcrumb\"},\"inLanguage\":\"sv-SE\",\"potentialAction\":[{\"@type\":\"ReadAction\",\"target\":[\"https:\/\/www.ridemovi.com\/sv\/gruppturer-gruppakning\/\"]}]},{\"@type\":\"BreadcrumbList\",\"@id\":\"https:\/\/www.ridemovi.com\/sv\/gruppturer-gruppakning\/#breadcrumb\",\"itemListElement\":[{\"@type\":\"ListItem\",\"position\":1,\"name\":\"Home\",\"item\":\"https:\/\/www.ridemovi.com\/\"},{\"@type\":\"ListItem\",\"position\":2,\"name\":\"Gruppturer\/Grupp\u00e5kning\"}]},{\"@type\":\"WebSite\",\"@id\":\"https:\/\/www.ridemovi.com\/#website\",\"url\":\"https:\/\/www.ridemovi.com\/\",\"name\":\"RideMovi\",\"description\":\"Moving Your Life with Micromobility\",\"potentialAction\":[{\"@type\":\"SearchAction\",\"target\":{\"@type\":\"EntryPoint\",\"urlTemplate\":\"https:\/\/www.ridemovi.com\/?s={search_term_string}\"},\"query-input\":{\"@type\":\"PropertyValueSpecification\",\"valueRequired\":true,\"valueName\":\"search_term_string\"}}],\"inLanguage\":\"sv-SE\"}]}<\/script>\n<!-- \/ Yoast SEO plugin. -->","yoast_head_json":{"title":"Gruppturer\/Grupp\u00e5kning - RideMovi","robots":{"index":"index","follow":"follow","max-snippet":"max-snippet:-1","max-image-preview":"max-image-preview:large","max-video-preview":"max-video-preview:-1"},"canonical":"https:\/\/www.ridemovi.com\/sv\/gruppturer-gruppakning\/","og_locale":"sv_SE","og_type":"article","og_title":"Gruppturer\/Grupp\u00e5kning - RideMovi","og_url":"https:\/\/www.ridemovi.com\/sv\/gruppturer-gruppakning\/","og_site_name":"RideMovi","twitter_card":"summary_large_image","twitter_misc":{"Ber\u00e4knad l\u00e4stid":"1 minut"},"schema":{"@context":"https:\/\/schema.org","@graph":[{"@type":"WebPage","@id":"https:\/\/www.ridemovi.com\/sv\/gruppturer-gruppakning\/","url":"https:\/\/www.ridemovi.com\/sv\/gruppturer-gruppakning\/","name":"Gruppturer\/Grupp\u00e5kning - RideMovi","isPartOf":{"@id":"https:\/\/www.ridemovi.com\/#website"},"datePublished":"2024-11-05T21:42:29+00:00","dateModified":"2024-11-05T21:42:29+00:00","breadcrumb":{"@id":"https:\/\/www.ridemovi.com\/sv\/gruppturer-gruppakning\/#breadcrumb"},"inLanguage":"sv-SE","potentialAction":[{"@type":"ReadAction","target":["https:\/\/www.ridemovi.com\/sv\/gruppturer-gruppakning\/"]}]},{"@type":"BreadcrumbList","@id":"https:\/\/www.ridemovi.com\/sv\/gruppturer-gruppakning\/#breadcrumb","itemListElement":[{"@type":"ListItem","position":1,"name":"Home","item":"https:\/\/www.ridemovi.com\/"},{"@type":"ListItem","position":2,"name":"Gruppturer\/Grupp\u00e5kning"}]},{"@type":"WebSite","@id":"https:\/\/www.ridemovi.com\/#website","url":"https:\/\/www.ridemovi.com\/","name":"RideMovi","description":"Moving Your Life with Micromobility","potentialAction":[{"@type":"SearchAction","target":{"@type":"EntryPoint","urlTemplate":"https:\/\/www.ridemovi.com\/?s={search_term_string}"},"query-input":{"@type":"PropertyValueSpecification","valueRequired":true,"valueName":"search_term_string"}}],"inLanguage":"sv-SE"}]}},"coauthors":[],"author_meta":{"author_link":"https:\/\/www.ridemovi.com\/sv\/author\/obliquo-design\/","display_name":"Obliquo Design"},"relative_dates":{"created":"Posted 1 \u00e5r ago","modified":"Updated 1 \u00e5r ago"},"absolute_dates":{"created":"Posted on november 5, 2024","modified":"Updated on november 5, 2024"},"absolute_dates_time":{"created":"Posted on november 5, 2024 9:42 e m","modified":"Updated on november 5, 2024 9:42 e m"},"featured_img_caption":"","featured_img":false,"series_order":"","_links":{"self":[{"href":"https:\/\/www.ridemovi.com\/sv\/wp-json\/wp\/v2\/pages\/17436","targetHints":{"allow":["GET"]}}],"collection":[{"href":"https:\/\/www.ridemovi.com\/sv\/wp-json\/wp\/v2\/pages"}],"about":[{"href":"https:\/\/www.ridemovi.com\/sv\/wp-json\/wp\/v2\/types\/page"}],"author":[{"embeddable":true,"href":"https:\/\/www.ridemovi.com\/sv\/wp-json\/wp\/v2\/users\/1"}],"replies":[{"embeddable":true,"href":"https:\/\/www.ridemovi.com\/sv\/wp-json\/wp\/v2\/comments?post=17436"}],"version-history":[{"count":0,"href":"https:\/\/www.ridemovi.com\/sv\/wp-json\/wp\/v2\/pages\/17436\/revisions"}],"wp:attachment":[{"href":"https:\/\/www.ridemovi.com\/sv\/wp-json\/wp\/v2\/media?parent=17436"}],"curies":[{"name":"wp","href":"https:\/\/api.w.org\/{rel}","templated":true}]}}