{"id":8808,"date":"2022-12-16T23:54:52","date_gmt":"2022-12-16T23:54:52","guid":{"rendered":"https:\/\/www.ridemovi.com\/?page_id=8808"},"modified":"2024-09-30T15:55:36","modified_gmt":"2024-09-30T15:55:36","slug":"integritetspolicy","status":"publish","type":"page","link":"https:\/\/www.ridemovi.com\/sv\/integritetspolicy\/","title":{"rendered":"Sekretess- och cookiespolicy"},"content":{"rendered":"[vc_row thb_full_width=&#8221;true&#8221; css=&#8221;.vc_custom_1671233475481{padding-top: 13vh !important;padding-bottom: 13vh !important;background: #ff4611 url(https:\/\/www.ridemovi.com\/wp-content\/uploads\/2022\/12\/header-bizmovi-3.jpg?id=7880) !important;background-position: center !important;background-repeat: no-repeat !important;background-size: cover !important;}&#8221; el_class=&#8221;align-center&#8221;][vc_column thb_color=&#8221;thb-light-column&#8221; animation=&#8221;animation bottom-to-top-3d&#8221; el_class=&#8221;text-center&#8221;][vc_row_inner el_class=&#8221;align-center&#8221;][vc_column_inner el_class=&#8221;text-center&#8221; offset=&#8221;vc_col-lg-8 vc_col-md-10&#8243;][vc_custom_heading text=&#8221;Sekretess- och cookiespolicy&#8221; font_container=&#8221;tag:h1|text_align:center&#8221; use_theme_fonts=&#8221;yes&#8221; el_class=&#8221;title&#8221;][\/vc_column_inner][\/vc_row_inner][\/vc_column][\/vc_row][vc_row thb_full_width=&#8221;true&#8221; css=&#8221;.vc_custom_1671232769676{padding-top: 7vh !important;padding-bottom: 5vh !important;background-color: #000000 !important;}&#8221;][vc_column][vc_tta_accordion style=&#8221;outline&#8221; color=&#8221;juicy-pink&#8221; c_icon=&#8221;&#8221; active_section=&#8221;33&#8243; no_fill=&#8221;true&#8221; collapsible_all=&#8221;true&#8221; el_class=&#8221;selezione-lingua&#8221;][vc_tta_section i_icon_fontawesome=&#8221;fa fa-angle-down&#8221; add_icon=&#8221;true&#8221; title=&#8221;V\u00e4lj spr\u00e5k&#8221; tab_id=&#8221;1671232039381-3b3d5fc7-4ca8&#8243;]\t<div class=\"thb-page-menu-container\">\n\t\t<ul id=\"menu-pagina-informativa-sulla-privacy\" class=\"thb-page-menu style2\"><li id=\"menu-item-7873\" class=\"menu-item menu-item-type-custom menu-item-object-custom menu-item-7873\"><a href=\"\/policy-english\/\"><span>> English<\/span><i class=\"fa fa-angle-right\"><\/i><\/a><\/li>\n<li id=\"menu-item-7893\" class=\"menu-item menu-item-type-custom menu-item-object-custom menu-item-7893\"><a href=\"\/it\/privacy-italiano\/\"><span>> Italiano<\/span><i class=\"fa fa-angle-right\"><\/i><\/a><\/li>\n<li id=\"menu-item-7874\" class=\"menu-item menu-item-type-custom menu-item-object-custom menu-item-7874\"><a href=\"\/es\/privacidad-espanol\/\"><span>> Espa\u00f1ol<\/span><i class=\"fa fa-angle-right\"><\/i><\/a><\/li>\n<li id=\"menu-item-8767\" class=\"menu-item menu-item-type-custom menu-item-object-custom menu-item-8767\"><a href=\"\/el\/\u03bc\u03c5\u03c3\u03c4\u03b9\u03ba\u03cc\u03c4\u03b7\u03c4\u03b1-\u03b5\u03bb\u03bb\u03b7\u03bd\u03b9\u03ba\u03ac\/\"><span>> \u0395\u03bb\u03bb\u03b7\u03bd\u03b9\u03ba\u03ac<\/span><i class=\"fa fa-angle-right\"><\/i><\/a><\/li>\n<li id=\"menu-item-11227\" class=\"menu-item menu-item-type-custom menu-item-object-custom menu-item-11227\"><a href=\"\/pt-pt\/privacidade-portugues\/\"><span>> Portugu\u00eas<\/span><i class=\"fa fa-angle-right\"><\/i><\/a><\/li>\n<li id=\"menu-item-9048\" class=\"menu-item menu-item-type-custom menu-item-object-custom menu-item-9048\"><a href=\"\/sv\/integritet-svenska\/\"><span>> Svenska<\/span><i class=\"fa fa-angle-right\"><\/i><\/a><\/li>\n<\/ul>\t<\/div>\n\t[\/vc_tta_section][\/vc_tta_accordion][\/vc_column][\/vc_row][vc_row][vc_column]<div class=\"templatera_shortcode\"><div class=\"row wpb_row row-fluid\"><div class=\"wpb_column columns medium-12 thb-dark-column small-12\"><div class=\"vc_column-inner   vc_custom_1671322822599\"><div class=\"wpb_wrapper\">\n\t<div class=\"wpb_text_column wpb_content_element  \" >\n\t\t<div class=\"wpb_wrapper\">\n\t\t\t<p>INTEGRITETS- OCH COOKIEPOLICY F\u00d6R RIDEMOVIS WEBBPLATS<\/p>\n<p>I enlighet med artikel 13 i EU-f\u00f6rordningen 2016-679<\/p>\n<p>Inledning<\/p>\n<p>Att skydda din integritet \u00e4r en av v\u00e5ra fr\u00e4msta prioriteringar. Vi \u00e5tar oss att vidta de mest adekvata organisatoriska \u00e5tg\u00e4rderna och s\u00e4kerhets\u00e5tg\u00e4rderna i enlighet med EU -f\u00f6rordningen 2016-679 (\u201dAllm\u00e4n dataskyddsf\u00f6rordning\u201d eller GDPR) och eventuella andra till\u00e4mpliga f\u00f6rordningar f\u00f6r att skydda de personuppgifter som du v\u00e4ljer att anf\u00f6rtro oss.<\/p>\n<p>Denna integritetspolicy klarg\u00f6r vilka personuppgifter vi samlar in fr\u00e5n dig, hur och varf\u00f6r vi anv\u00e4nder dem n\u00e4r du (\u201dDu\u201d, \u201dBes\u00f6karen\u201d eller \u201dAnv\u00e4ndaren\u201d) bes\u00f6ker webbplatsen, och den tillhandah\u00e5ller \u00e4ven information om dina val och r\u00e4ttigheter vad g\u00e4ller dina data.<\/p>\n<p>I fr\u00e5ga om de personuppgifter som behandlas i samband med de uthyrningstj\u00e4nster som tillhandah\u00e5lles genom v\u00e5r applikation f\u00f6r smartphone (\u201dRideMovi-appen\u201d), tillhandah\u00e5lles en specifik integritetspolicy genom sj\u00e4lva RideMovi-appen, och vid behov kommer ett specifikt samtycke till behandling av personuppgifter att beg\u00e4ras.<\/p>\n<p>Personuppgiftsansvarig. Vem ansvarar f\u00f6r behandlingen av dina data?<\/p>\n<p>Webbplatsen handhas av Ridemovi Sweden AB (i det f\u00f6ljande \u201dVi\u201d eller \u201dOss\u201d), ett bolag bildat enligt svensk lag med s\u00e4te i Str\u00f6mstad, Kilegatan 4 Box 202 452 33, och Ridemovi Spa ett f\u00f6retag som lyder under italiensk lag och har registrerat s\u00e4te i Milano, p\u00e5 Via Carducci 31, IT-20123. Om du har n\u00e5gra fr\u00e5gor om denna integritetspolicy, kan du n\u00e4r som helst kontakta oss p\u00e5 &#x73;&#x75;&#x70;&#x70;&#x6f;&#x72;&#x74;&#x2e;&#x69;&#x74;&#x40;<span class=\"oe_displaynone\">null<\/span>&#x72;&#x69;&#x64;&#x65;&#x6d;&#x6f;&#x76;&#x69;&#x2e;&#x63;&#x6f;&#x6d;<\/p>\n<p>Dataskyddsombudets (DSO) kontaktuppgifter<\/p>\n<p>F\u00f6r fr\u00e5gor r\u00f6rande dina personuppgifter kan Du \u00e4ven kontakta v\u00e5r Dataskyddsombud p\u00e5 &#x64;&#x70;&#x6f;&#x40;<span class=\"oe_displaynone\">null<\/span>&#x72;&#x69;&#x64;&#x65;&#x6d;&#x6f;&#x76;&#x69;&#x2e;&#x63;&#x6f;&#x6d;.<\/p>\n<p>Vilken data vi samlar in och behandlar<\/p>\n<p>Navigeringsdata. Genom denna webbplats erh\u00e5ller vi vissa av dina personuppgifter, vilka med n\u00f6dv\u00e4ndighet \u00f6verf\u00f6res vid anv\u00e4ndning av internetkommunikationsprotokoll. Enbart denna information m\u00f6jligg\u00f6r inte f\u00f6r Oss att identifiera Dig, men genom sin natur kan den, i kombination med data fr\u00e5n tredje parter, g\u00f6ra det m\u00f6jligt att identifiera Dig. Denna kategori av data innefattar exempelvis IP-adresser eller dom\u00e4nnamn f\u00f6r datorer som anv\u00e4nds av Dig f\u00f6r att ansluta till denna webbplats, och andra parametrar som h\u00e4nf\u00f6r sig till ditt operativsystem och din datormilj\u00f6. Dessa data anv\u00e4nds av Oss enbart i syfte att erh\u00e5lla anonym statistisk information om anv\u00e4ndningen av webbplatsen och kontrollera att den fungerar korrekt.<\/p>\n<p>Data som tillhandah\u00e5lles frivilligt av dig. Som Bes\u00f6kare p\u00e5 webbplatsen l\u00e4mnar du eventuellt personuppgifter till Oss n\u00e4r du st\u00e4ller fr\u00e5gor via e-post. Detta inneb\u00e4r att Vi erh\u00e5ller de personuppgifter som du beslutar att anf\u00f6rtro oss, vilka uteslutande kommer att behandlas f\u00f6r att svara p\u00e5 din fr\u00e5ga.<\/p>\n<p>Vad \u00e4r en cookie?<\/p>\n<p>Cookies \u2013 \u00e4ven kallade kakor, webbl\u00e4sarcookies eller sp\u00e5rningscookies \u2013 \u00e4r sm\u00e5, ofta krypterade textfiler, som finns i webbl\u00e4sarkataloger. De anv\u00e4nds f\u00f6r att hj\u00e4lpa anv\u00e4ndare att navigera effektivt p\u00e5 webbplatser och utnyttja vissa funktioner. Du hittar mer information om cookies p\u00e5 www.aboutcookies.org.<\/p>\n<p>Typer av cookies som vi anv\u00e4nder:<\/p>\n<p>Tekniska cookies<\/p>\n<p>Tekniska cookies anv\u00e4nds uteslutande i syfte att utf\u00f6ra \u00f6verf\u00f6ring av en kommunikation i ett elektroniskt kommunikationsn\u00e4tverk, eller i den m\u00e5n som detta \u00e4r strikt n\u00f6dv\u00e4ndigt f\u00f6r tillhandah\u00e5llaren av en informationssamh\u00e4llestj\u00e4nst, som av avtalsparten eller anv\u00e4ndaren uttryckligen har ombetts tillhandah\u00e5lla n\u00e4mnda tj\u00e4nst.<\/p>\n<p>Vi anv\u00e4nder tekniska sessionscookies (icke-permanenta) som \u00e4r strikt begr\u00e4nsade till vad som \u00e4r n\u00f6dv\u00e4ndigt f\u00f6r s\u00e4ker och effektiv navigering p\u00e5 denna webbplats.<\/p>\n<p>Analyscookies<\/p>\n<p>Dessa cookies m\u00f6jligg\u00f6r f\u00f6r Oss att r\u00e4kna bes\u00f6k och trafikk\u00e4llor, s\u00e5 att vi kan m\u00e4ta och f\u00f6rb\u00e4ttra prestanda f\u00f6r v\u00e5r webbplats. De hj\u00e4lper Oss att samla in aggregerad information om antalet bes\u00f6kare och bes\u00f6ksm\u00f6nstret p\u00e5 webbplatsen. All information som samlas in av cookies \u00e4r aggregerad och d\u00e4rf\u00f6r anonym.<\/p>\n<p>Cookies anv\u00e4nds inte f\u00f6r anv\u00e4ndarprofilering p\u00e5 denna webbplats, och n\u00e5gra andra sp\u00e5rningsmetoder anv\u00e4nds inte heller.<\/p>\n<p>Hur man hanterar cookies<\/p>\n<p>Alla nyare versioner av de popul\u00e4raste webbl\u00e4sarna erbjuder en viss grad av kontroll \u00f6ver cookies. Du kan st\u00e4lla in din webbl\u00e4sare till att acceptera eller avvisa samtliga eller vissa cookies: https:\/\/www.allaboutcookies.org\/manage-cookies\/<\/p>\n<p>Om du har n\u00e5gra fr\u00e5gor om hur Vi anv\u00e4nder dina personuppgifter, ber vi dig skicka ett mejl till &#x70;&#x72;&#x69;&#x76;&#x61;&#x63;&#x79;&#x40;<span class=\"oe_displaynone\">null<\/span>&#x72;&#x69;&#x64;&#x65;&#x6d;&#x6f;&#x76;&#x69;&#x2e;&#x63;&#x6f;&#x6d;<\/p>\n<p>Varf\u00f6r vi behandlar dina personuppgifter.<\/p>\n<p>Vi anv\u00e4nder dina data s\u00e5som beskrivet i avsnitt 4 i denna policy:<\/p>\n<p>F\u00f6r att tillhandah\u00e5lla informationen som finns p\u00e5 webbplatsen till dig.<\/p>\n<p>F\u00f6r att svara p\u00e5 fr\u00e5gor som du skickar via e-post.<\/p>\n<p>F\u00f6r att \u00e5tg\u00e4rda programvarubuggar och driftproblem.<\/p>\n<p>F\u00f6r att utf\u00f6ra dataanalys och forskning p\u00e5 anonyma data.<\/p>\n<p>Den r\u00e4ttsliga grunden f\u00f6r legitim behandling av dina data f\u00f6r ovan angivna \u00e4ndam\u00e5l \u00e5terfinns i artikel 6 (1) b. och f. i GDPR1.<\/p>\n<p>Personuppgiftsbitr\u00e4de och mottagare av data<\/p>\n<p>Vi kan dela din information:<\/p>\n<p>Med v\u00e5ra dotterbolag och anknutna enheter som tillhandah\u00e5ller tj\u00e4nster eller utf\u00f6r databehandling f\u00f6r v\u00e5r r\u00e4kning.<\/p>\n<p>Med konsulter och andra tj\u00e4nsteleverant\u00f6rer som beh\u00f6ver \u00e5tkomst till s\u00e5dan information f\u00f6r att utf\u00f6ra arbete f\u00f6r v\u00e5r r\u00e4kning; vi anv\u00e4nder externa IT-tj\u00e4nsteleverant\u00f6rer, som tillhandah\u00e5ller serverinfrastruktur, IT-underh\u00e5ll eller omfattande IT-l\u00f6sningar (s\u00e5som molntj\u00e4nster) och programvarul\u00f6sningar f\u00f6r v\u00e5r r\u00e4kning.<\/p>\n<p>Med domstolar, externa konsulter, offentliga myndigheter eller andra auktoriserade tredje parter som svar p\u00e5 en beg\u00e4ran om information fr\u00e5n en beh\u00f6rig myndighet, om vi tror att ett utl\u00e4mnande \u00e4r i enlighet med alla till\u00e4mpliga lagar och f\u00f6rordningar.<\/p>\n<p>Personuppgifter kommer endast att behandlas av personer\/enheter som tidigare utsetts av RideMovi eller av dess personuppgiftsbitr\u00e4den, till personer med ansvar f\u00f6r databehandlingen, eller till personuppgiftsansvariga, p\u00e5 det s\u00e4tt som \u00e4r till\u00e4mpligt f\u00f6r de ovan angivna \u00e4ndam\u00e5len.<\/p>\n<p>Dina personuppgifter f\u00e5r endast delas med tredje parter som behandlar personuppgifter f\u00f6r v\u00e5r r\u00e4kning, och baserat p\u00e5 v\u00e5ra instruktioner. Alla personuppgiftsbitr\u00e4den som vi utser kommer att vara underkastade avtalsf\u00f6rpliktelser \u00e4mnade att skydda dina personuppgifter.<\/p>\n<p>Hur vi garanterar s\u00e4kerheten f\u00f6r dina data<\/p>\n<p>Vi har implementerat l\u00e4mpliga fysiska, tekniska och organisatoriska \u00e5tg\u00e4rder f\u00f6r att trygga och skydda de personuppgifter vi samlar in, f\u00f6r att garantera en adekvat s\u00e4kerhetsniv\u00e5 i f\u00f6rh\u00e5llande till risken, i enlighet med GDPR.<\/p>\n<p>Dina r\u00e4ttigheter<\/p>\n<p>Enligt GDPR (artikel 13 till 23) har du f\u00f6ljande r\u00e4ttigheter:<\/p>\n<p>R\u00e4tt till \u00e5tkomst. Du har r\u00e4tt att erh\u00e5lla bekr\u00e4ftelse fr\u00e5n oss huruvida personuppgifter r\u00f6rande dig behandlas eller inte, och, n\u00e4r s\u00e5 \u00e4r fallet, beg\u00e4ra \u00e5tkomst till dina personuppgifter.<\/p>\n<p>Du har r\u00e4tt att f\u00e5 felaktiga personuppgifter r\u00e4ttade. Detta inneb\u00e4r att du har r\u00e4tt att fr\u00e5n oss erh\u00e5lla r\u00e4ttelse av oriktiga personuppgifter som g\u00e4ller dig.<\/p>\n<p>Du kan ha r\u00e4tt att fr\u00e5n oss erh\u00e5lla radering av personuppgifter som g\u00e4ller dig, och vi kan vara skyldiga att radera s\u00e5dana personuppgifter.<\/p>\n<p>Du kan ha r\u00e4tt att beg\u00e4ra en begr\u00e4nsning av behandlingen av dina personuppgifter.<\/p>\n<p>Du kan ha r\u00e4tt att f\u00e5 de personuppgifter som g\u00e4ller dig, och som du har l\u00e4mnat till oss, i ett strukturerat, vanligen anv\u00e4nt och maskinl\u00e4sbart format, och du kan ha r\u00e4tt att \u00f6verf\u00f6ra data till en annan enhet utan n\u00e5gra hinder fr\u00e5n v\u00e5r sida (dataportabilitet).<\/p>\n<p>Du har \u00e4ven r\u00e4tt att framf\u00f6ra ett klagom\u00e5l till tillsynsmyndigheten f\u00f6r dataskydd. I Sverige \u00e4r det Integritetskyddsmyndigheten som man ska v\u00e4nda sig till. Du kan n\u00e5 dem p\u00e5 telefon 08-657 6100, e-post: &#x69;&#x6d;&#x79;&#x40;<span class=\"oe_displaynone\">null<\/span>&#x69;&#x6d;&#x79;&#x2e;&#x73;&#x65; eller postadress Integritetsskyddsmyndigheten, Box 8114, 104 20 Stockholm.<\/p>\n<p>Om du har l\u00e4mnat samtycke till n\u00e5gra aktiviteter f\u00f6r behandling av personuppgifter, kan du n\u00e4r som helst \u00e5terkalla detta samtycke, med framtida verkan. Ett s\u00e5dant \u00e5terkallande p\u00e5verkar inte den lagliga behandlingen av personuppgifterna innan samtycket \u00e5terkallas.<\/p>\n<p>F\u00f6r att utnyttja ovanst\u00e5ende r\u00e4ttigheter kan du skicka ett mejl till &#x70;&#x72;&#x69;&#x76;&#x61;&#x63;&#x79;&#x40;<span class=\"oe_displaynone\">null<\/span>&#x72;&#x69;&#x64;&#x65;&#x6d;&#x6f;&#x76;&#x69;&#x2e;&#x63;&#x6f;&#x6d;, eller skriva till oss p\u00e5 adressen Via Carducci 31, IT-20123 Milano, Italien.<\/p>\n<p>\u00c4ndringar av policyn<\/p>\n<p>Vi kan komma att \u00e4ndra denna policy fr\u00e5n tid till annan. Om vi g\u00f6r betydande \u00e4ndringar av hur vi behandlar din personliga information, eller av denna policy, kommer vi att meddela dig via e-post. Vi uppmanar dig att med j\u00e4mna mellanrum l\u00e4sa igenom policyn p\u00e5 nytt, f\u00f6r att f\u00e5 den senaste informationen om hur vi hanterar din integritet.<\/p>\n<p>Kontakta oss<\/p>\n<p>Om du har n\u00e5gra fr\u00e5gor om policyn, ber vi dig att kontakta oss p\u00e5 &#x70;&#x72;&#x69;&#x76;&#x61;&#x63;&#x79;&#x40;<span class=\"oe_displaynone\">null<\/span>&#x72;&#x69;&#x64;&#x65;&#x6d;&#x6f;&#x76;&#x69;&#x2e;&#x63;&#x6f;&#x6d; eller skriva till oss p\u00e5 adressen Via Carducci 31, IT-20123 Milano, Italien.<\/p>\n\n\t\t<\/div>\n\t<\/div>\n<\/div><\/div><\/div><\/div><\/div>[vc_column_text]<script id=\"CookieDeclaration\" src=\"https:\/\/consent.cookiebot.com\/5e190c8f-6db1-42c9-abfd-d958c587ff24\/cd.js\" type=\"text\/javascript\" async><\/script>[\/vc_column_text][\/vc_column][\/vc_row]","protected":false},"excerpt":{"rendered":"Sekretess- och cookiespolicyV\u00e4lj spr\u00e5k > English > Italiano > Espa\u00f1ol > \u0395\u03bb\u03bb\u03b7\u03bd\u03b9\u03ba\u03ac > Portugu\u00eas > Svenska INTEGRITETS- OCH COOKIEPOLICY F\u00d6R RIDEMOVIS WEBBPLATS I enlighet med artikel 13 i EU-f\u00f6rordningen 2016-679 Inledning Att skydda din integritet \u00e4r en av v\u00e5ra fr\u00e4msta prioriteringar. Vi \u00e5tar oss att vidta de mest adekvata organisatoriska \u00e5tg\u00e4rderna och s\u00e4kerhets\u00e5tg\u00e4rderna i enlighet&hellip;","protected":false},"author":1,"featured_media":0,"parent":0,"menu_order":49,"comment_status":"closed","ping_status":"closed","template":"","meta":{"_acf_changed":false,"advgb_blocks_editor_width":"","advgb_blocks_columns_visual_guide":"","footnotes":""},"class_list":["post-8808","page","type-page","status-publish","hentry"],"acf":[],"yoast_head":"<!-- This site is optimized with the Yoast SEO plugin v24.2 - https:\/\/yoast.com\/wordpress\/plugins\/seo\/ -->\n<title>Sekretess- och cookiespolicy - RideMovi<\/title>\n<meta name=\"robots\" content=\"index, follow, max-snippet:-1, max-image-preview:large, max-video-preview:-1\" \/>\n<link rel=\"canonical\" href=\"https:\/\/www.ridemovi.com\/sv\/integritetspolicy\/\" \/>\n<meta property=\"og:locale\" content=\"sv_SE\" \/>\n<meta property=\"og:type\" content=\"article\" \/>\n<meta property=\"og:title\" content=\"Sekretess- och cookiespolicy - RideMovi\" \/>\n<meta property=\"og:url\" content=\"https:\/\/www.ridemovi.com\/sv\/integritetspolicy\/\" \/>\n<meta property=\"og:site_name\" content=\"RideMovi\" \/>\n<meta property=\"article:modified_time\" content=\"2024-09-30T15:55:36+00:00\" \/>\n<meta name=\"twitter:card\" content=\"summary_large_image\" \/>\n<meta name=\"twitter:label1\" content=\"Ber\u00e4knad l\u00e4stid\" \/>\n\t<meta name=\"twitter:data1\" content=\"1 minut\" \/>\n<script type=\"application\/ld+json\" class=\"yoast-schema-graph\">{\"@context\":\"https:\/\/schema.org\",\"@graph\":[{\"@type\":\"WebPage\",\"@id\":\"https:\/\/www.ridemovi.com\/sv\/integritetspolicy\/\",\"url\":\"https:\/\/www.ridemovi.com\/sv\/integritetspolicy\/\",\"name\":\"Sekretess- och cookiespolicy - RideMovi\",\"isPartOf\":{\"@id\":\"https:\/\/www.ridemovi.com\/#website\"},\"datePublished\":\"2022-12-16T23:54:52+00:00\",\"dateModified\":\"2024-09-30T15:55:36+00:00\",\"breadcrumb\":{\"@id\":\"https:\/\/www.ridemovi.com\/sv\/integritetspolicy\/#breadcrumb\"},\"inLanguage\":\"sv-SE\",\"potentialAction\":[{\"@type\":\"ReadAction\",\"target\":[\"https:\/\/www.ridemovi.com\/sv\/integritetspolicy\/\"]}]},{\"@type\":\"BreadcrumbList\",\"@id\":\"https:\/\/www.ridemovi.com\/sv\/integritetspolicy\/#breadcrumb\",\"itemListElement\":[{\"@type\":\"ListItem\",\"position\":1,\"name\":\"Home\",\"item\":\"https:\/\/www.ridemovi.com\/\"},{\"@type\":\"ListItem\",\"position\":2,\"name\":\"Sekretess- och cookiespolicy\"}]},{\"@type\":\"WebSite\",\"@id\":\"https:\/\/www.ridemovi.com\/#website\",\"url\":\"https:\/\/www.ridemovi.com\/\",\"name\":\"RideMovi\",\"description\":\"Moving Your Life with Micromobility\",\"potentialAction\":[{\"@type\":\"SearchAction\",\"target\":{\"@type\":\"EntryPoint\",\"urlTemplate\":\"https:\/\/www.ridemovi.com\/?s={search_term_string}\"},\"query-input\":{\"@type\":\"PropertyValueSpecification\",\"valueRequired\":true,\"valueName\":\"search_term_string\"}}],\"inLanguage\":\"sv-SE\"}]}<\/script>\n<!-- \/ Yoast SEO plugin. -->","yoast_head_json":{"title":"Sekretess- och cookiespolicy - RideMovi","robots":{"index":"index","follow":"follow","max-snippet":"max-snippet:-1","max-image-preview":"max-image-preview:large","max-video-preview":"max-video-preview:-1"},"canonical":"https:\/\/www.ridemovi.com\/sv\/integritetspolicy\/","og_locale":"sv_SE","og_type":"article","og_title":"Sekretess- och cookiespolicy - RideMovi","og_url":"https:\/\/www.ridemovi.com\/sv\/integritetspolicy\/","og_site_name":"RideMovi","article_modified_time":"2024-09-30T15:55:36+00:00","twitter_card":"summary_large_image","twitter_misc":{"Ber\u00e4knad l\u00e4stid":"1 minut"},"schema":{"@context":"https:\/\/schema.org","@graph":[{"@type":"WebPage","@id":"https:\/\/www.ridemovi.com\/sv\/integritetspolicy\/","url":"https:\/\/www.ridemovi.com\/sv\/integritetspolicy\/","name":"Sekretess- och cookiespolicy - RideMovi","isPartOf":{"@id":"https:\/\/www.ridemovi.com\/#website"},"datePublished":"2022-12-16T23:54:52+00:00","dateModified":"2024-09-30T15:55:36+00:00","breadcrumb":{"@id":"https:\/\/www.ridemovi.com\/sv\/integritetspolicy\/#breadcrumb"},"inLanguage":"sv-SE","potentialAction":[{"@type":"ReadAction","target":["https:\/\/www.ridemovi.com\/sv\/integritetspolicy\/"]}]},{"@type":"BreadcrumbList","@id":"https:\/\/www.ridemovi.com\/sv\/integritetspolicy\/#breadcrumb","itemListElement":[{"@type":"ListItem","position":1,"name":"Home","item":"https:\/\/www.ridemovi.com\/"},{"@type":"ListItem","position":2,"name":"Sekretess- och cookiespolicy"}]},{"@type":"WebSite","@id":"https:\/\/www.ridemovi.com\/#website","url":"https:\/\/www.ridemovi.com\/","name":"RideMovi","description":"Moving Your Life with Micromobility","potentialAction":[{"@type":"SearchAction","target":{"@type":"EntryPoint","urlTemplate":"https:\/\/www.ridemovi.com\/?s={search_term_string}"},"query-input":{"@type":"PropertyValueSpecification","valueRequired":true,"valueName":"search_term_string"}}],"inLanguage":"sv-SE"}]}},"coauthors":[],"author_meta":{"author_link":"https:\/\/www.ridemovi.com\/sv\/author\/obliquo-design\/","display_name":"Obliquo Design"},"relative_dates":{"created":"Posted 3 \u00e5r ago","modified":"Updated 2 \u00e5r ago"},"absolute_dates":{"created":"Posted on december 16, 2022","modified":"Updated on september 30, 2024"},"absolute_dates_time":{"created":"Posted on december 16, 2022 11:54 e m","modified":"Updated on september 30, 2024 3:55 e m"},"featured_img_caption":"","featured_img":false,"series_order":"","_links":{"self":[{"href":"https:\/\/www.ridemovi.com\/sv\/wp-json\/wp\/v2\/pages\/8808","targetHints":{"allow":["GET"]}}],"collection":[{"href":"https:\/\/www.ridemovi.com\/sv\/wp-json\/wp\/v2\/pages"}],"about":[{"href":"https:\/\/www.ridemovi.com\/sv\/wp-json\/wp\/v2\/types\/page"}],"author":[{"embeddable":true,"href":"https:\/\/www.ridemovi.com\/sv\/wp-json\/wp\/v2\/users\/1"}],"replies":[{"embeddable":true,"href":"https:\/\/www.ridemovi.com\/sv\/wp-json\/wp\/v2\/comments?post=8808"}],"version-history":[{"count":0,"href":"https:\/\/www.ridemovi.com\/sv\/wp-json\/wp\/v2\/pages\/8808\/revisions"}],"wp:attachment":[{"href":"https:\/\/www.ridemovi.com\/sv\/wp-json\/wp\/v2\/media?parent=8808"}],"curies":[{"name":"wp","href":"https:\/\/api.w.org\/{rel}","templated":true}]}}